{"id":24057,"date":"2024-01-11T13:32:46","date_gmt":"2024-01-11T13:32:46","guid":{"rendered":"https:\/\/blog.lacnic.net\/?page_id=24057"},"modified":"2025-10-29T15:33:30","modified_gmt":"2025-10-29T15:33:30","slug":"diretrizes-para-contribuir-com-um-artigo","status":"publish","type":"page","link":"https:\/\/blog.lacnic.net\/pt-br\/diretrizes-para-contribuir-com-um-artigo\/","title":{"rendered":"Diretrizes para contribuir com um artigo"},"content":{"rendered":"\n<h2 class=\"wp-block-heading\"><strong>Quem l\u00ea o blog do LACNIC?&nbsp;<\/strong><\/h2>\n\n\n\n<ul class=\"wp-block-list\">\n<li>Associados do LACNIC e da comunidade t\u00e9cnica: gestores de TIC, operadores de redes&nbsp; da regi\u00e3o, fabricantes de software e hardware, provedores de solu\u00e7\u00f5es de seguran\u00e7a,&nbsp; organiza\u00e7\u00f5es de telecomunica\u00e7\u00f5es e provedores de servi\u00e7os de Internet&nbsp;<\/li>\n\n\n\n<li>Representantes dos governos&nbsp;<\/li>\n\n\n\n<li>Membros da comunidade acad\u00eamica de universidades da regi\u00e3o&nbsp;<\/li>\n\n\n\n<li>M\u00eddia e outros blogueiros&nbsp;<\/li>\n\n\n\n<li>toda pessoa interessada no LACNIC e na Internet&nbsp;<\/li>\n<\/ul>\n\n\n\n<h2 class=\"wp-block-heading\"><strong>Estilo&nbsp;<\/strong><\/h2>\n\n\n\n<ul class=\"wp-block-list\">\n<li>O tom \u00e9 pr\u00f3ximo do leitor.&nbsp;<\/li>\n\n\n\n<li>Atribui\u00e7\u00e3o correta dos dados, cita\u00e7\u00f5es e outros conte\u00fados de terceiros a que o artigo fa\u00e7a refer\u00eancia.&nbsp;<\/li>\n\n\n\n<li>A extens\u00e3o dos artigos pode variar entre 500 a 800 palavras.&nbsp;<\/li>\n\n\n\n<li>Tente usar par\u00e1grafos breves para facilitar a leitura do artigo ( formato JPG de 72 dpi horizontal.) Todas as imagens devem incluir sua <span style=\"text-decoration: underline;\"><mark style=\"background-color:rgba(0, 0, 0, 0);color:#4b3be9\" class=\"has-inline-color\">atribui\u00e7\u00e3o e cr\u00e9dito<\/mark><\/span><\/li>\n\n\n\n<li>Sugere-se a utiliza\u00e7\u00e3o de imagens que agreguem valor ao que est\u00e1 escrito.&nbsp;<\/li>\n\n\n\n<li>LACNIC Blog n\u00e3o promove produtos ou servi\u00e7os comerciais. S\u00e3o aceitos artigos que refiram a produtos ou ferramentas desenvolvidos para o bem da comunidade e que sejam de c\u00f3digo aberto ou dispon\u00edveis gratuitamente. N\u00e3o fique mal se lhe solicitarmos altera\u00e7\u00f5es ou rejeitarmos seu artigo por ter fins comerciais.<\/li>\n<\/ul>\n\n\n\n<h2 class=\"wp-block-heading\"><strong>Conte\u00fado gerado pela IA<\/strong><\/h2>\n\n\n\n<p>No LACNIC Blog procuramos artigos que reflitam as diferentes perspectivas da nossa comunidade. Embora a IA possa ser \u00fatil para verificar gram\u00e1tica, ortografia e at\u00e9 mesmo fornecer ideias atraentes na hora de criar, n\u00e3o publicaremos artigos gerados com intelig\u00eancia artificial como forma de preservar a autenticidade do nosso conte\u00fado.<\/p>\n\n\n\n<h2 class=\"wp-block-heading\"><strong>Pol\u00edticas e requisitos de links&nbsp;<\/strong><\/h2>\n\n\n\n<ul class=\"wp-block-list\">\n<li>Sinta-se \u00e0 vontade para postar links para outros artigos publicados em LACNIC Blog e&nbsp; para p\u00e1ginas de outros sites. Leve em conta que podemos adicionar alguns links internos&nbsp; para fornecer mais informa\u00e7\u00f5es ao leitor.<\/li>\n<\/ul>\n\n\n\n<h2 class=\"wp-block-heading\"><strong>Apresenta\u00e7\u00e3o&nbsp;<\/strong><\/h2>\n\n\n\n<ul>\n<li>Vamos precisar de uma fotografia do autor em formato retrato, sua posi&ccedil;&atilde;o e o link&nbsp; para o seu perfil do Linkedln.&nbsp;<\/li>\n \n<li>Envie o seu artigo para <span class=\"email sendArticle\">comunicaciones [at] lacnic [.] net<\/span>. A equipe de Comunica&ccedil;&otilde;es do LACNIC&nbsp; poder&aacute; editar gramaticalmente seu artigo para manter a coer&ecirc;ncia na comunica&ccedil;&atilde;o. Se o&nbsp; fizermos, discutiremos com voc&ecirc; antes de publicar o artigo para garantir que voc&ecirc; o aprove.<\/li>\n<\/ul>\n\n\n\n<p><\/p>\n\n\n\n<button class=\"buttons button_blue sendArticle\" data-email=\"comunicaciones[at]lacnic[.]net\">Enviar artigo<\/button>\n","protected":false},"excerpt":{"rendered":"<p>Quem l\u00ea o blog do LACNIC?&nbsp; Estilo&nbsp; Conte\u00fado gerado pela IA No LACNIC Blog procuramos artigos que reflitam as diferentes perspectivas da nossa comunidade. Embora a IA possa ser \u00fatil para verificar gram\u00e1tica, ortografia e at\u00e9 mesmo fornecer ideias atraentes na hora de criar, n\u00e3o publicaremos artigos gerados com intelig\u00eancia artificial como forma de preservar [&hellip;]<\/p>\n","protected":false},"author":6,"featured_media":0,"parent":0,"menu_order":0,"comment_status":"closed","ping_status":"closed","template":"","meta":{"_acf_changed":false,"footnotes":""},"class_list":["post-24057","page","type-page","status-publish","hentry"],"acf":[],"yoast_head":"<!-- This site is optimized with the Yoast SEO plugin v27.0 - https:\/\/yoast.com\/product\/yoast-seo-wordpress\/ -->\n<title>Artigo para LACNIC Blog<\/title>\n<meta name=\"robots\" content=\"index, follow, max-snippet:-1, max-image-preview:large, max-video-preview:-1\" \/>\n<link rel=\"canonical\" href=\"https:\/\/blog.lacnic.net\/pt-br\/diretrizes-para-contribuir-com-um-artigo\/\" \/>\n<meta property=\"og:locale\" content=\"pt_BR\" \/>\n<meta property=\"og:type\" content=\"article\" \/>\n<meta property=\"og:title\" content=\"Artigo para LACNIC Blog\" \/>\n<meta property=\"og:description\" content=\"Quem l\u00ea o blog do LACNIC?&nbsp; Estilo&nbsp; Conte\u00fado gerado pela IA No LACNIC Blog procuramos artigos que reflitam as diferentes perspectivas da nossa comunidade. Embora a IA possa ser \u00fatil para verificar gram\u00e1tica, ortografia e at\u00e9 mesmo fornecer ideias atraentes na hora de criar, n\u00e3o publicaremos artigos gerados com intelig\u00eancia artificial como forma de preservar [&hellip;]\" \/>\n<meta property=\"og:url\" content=\"https:\/\/blog.lacnic.net\/pt-br\/diretrizes-para-contribuir-com-um-artigo\/\" \/>\n<meta property=\"og:site_name\" content=\"LACNIC Blog\" \/>\n<meta property=\"article:publisher\" content=\"https:\/\/facebook.com\/lacnic\" \/>\n<meta property=\"article:modified_time\" content=\"2025-10-29T15:33:30+00:00\" \/>\n<meta name=\"twitter:card\" content=\"summary_large_image\" \/>\n<meta name=\"twitter:site\" content=\"@lacnic\" \/>\n<script type=\"application\/ld+json\" class=\"yoast-schema-graph\">{\"@context\":\"https:\/\/schema.org\",\"@graph\":[{\"@type\":\"WebPage\",\"@id\":\"https:\/\/blog.lacnic.net\/pt-br\/diretrizes-para-contribuir-com-um-artigo\/\",\"url\":\"https:\/\/blog.lacnic.net\/pt-br\/diretrizes-para-contribuir-com-um-artigo\/\",\"name\":\"Artigo para LACNIC Blog\",\"isPartOf\":{\"@id\":\"https:\/\/blog.lacnic.net\/#website\"},\"datePublished\":\"2024-01-11T13:32:46+00:00\",\"dateModified\":\"2025-10-29T15:33:30+00:00\",\"breadcrumb\":{\"@id\":\"https:\/\/blog.lacnic.net\/pt-br\/diretrizes-para-contribuir-com-um-artigo\/#breadcrumb\"},\"inLanguage\":\"pt-BR\",\"potentialAction\":[{\"@type\":\"ReadAction\",\"target\":[\"https:\/\/blog.lacnic.net\/pt-br\/diretrizes-para-contribuir-com-um-artigo\/\"]}]},{\"@type\":\"BreadcrumbList\",\"@id\":\"https:\/\/blog.lacnic.net\/pt-br\/diretrizes-para-contribuir-com-um-artigo\/#breadcrumb\",\"itemListElement\":[{\"@type\":\"ListItem\",\"position\":1,\"name\":\"Portada\",\"item\":\"https:\/\/blog.lacnic.net\/pt-br\/\"},{\"@type\":\"ListItem\",\"position\":2,\"name\":\"Diretrizes para contribuir com um artigo\"}]},{\"@type\":\"WebSite\",\"@id\":\"https:\/\/blog.lacnic.net\/#website\",\"url\":\"https:\/\/blog.lacnic.net\/\",\"name\":\"LACNIC Blog\",\"description\":\"LACNIC Internet Community Newsletter\",\"publisher\":{\"@id\":\"https:\/\/blog.lacnic.net\/#organization\"},\"potentialAction\":[{\"@type\":\"SearchAction\",\"target\":{\"@type\":\"EntryPoint\",\"urlTemplate\":\"https:\/\/blog.lacnic.net\/?s={search_term_string}\"},\"query-input\":{\"@type\":\"PropertyValueSpecification\",\"valueRequired\":true,\"valueName\":\"search_term_string\"}}],\"inLanguage\":\"pt-BR\"},{\"@type\":\"Organization\",\"@id\":\"https:\/\/blog.lacnic.net\/#organization\",\"name\":\"LACNIC Blog\",\"url\":\"https:\/\/blog.lacnic.net\/\",\"logo\":{\"@type\":\"ImageObject\",\"inLanguage\":\"pt-BR\",\"@id\":\"https:\/\/blog.lacnic.net\/#\/schema\/logo\/image\/\",\"url\":\"https:\/\/blog.lacnic.net\/wp-content\/uploads\/2023\/03\/lacnic-blog.svg\",\"contentUrl\":\"https:\/\/blog.lacnic.net\/wp-content\/uploads\/2023\/03\/lacnic-blog.svg\",\"caption\":\"LACNIC Blog\"},\"image\":{\"@id\":\"https:\/\/blog.lacnic.net\/#\/schema\/logo\/image\/\"},\"sameAs\":[\"https:\/\/facebook.com\/lacnic\",\"https:\/\/x.com\/lacnic\",\"https:\/\/www.instagram.com\/lacnic\/?hl=es-la\",\"https:\/\/uy.linkedin.com\/company\/lacnic\",\"https:\/\/www.youtube.com\/user\/lacnicstaff\",\"https:\/\/www.lacnic.net\/podcast\"]}]}<\/script>\n<!-- \/ Yoast SEO plugin. -->","yoast_head_json":{"title":"Artigo para LACNIC Blog","robots":{"index":"index","follow":"follow","max-snippet":"max-snippet:-1","max-image-preview":"max-image-preview:large","max-video-preview":"max-video-preview:-1"},"canonical":"https:\/\/blog.lacnic.net\/pt-br\/diretrizes-para-contribuir-com-um-artigo\/","og_locale":"pt_BR","og_type":"article","og_title":"Artigo para LACNIC Blog","og_description":"Quem l\u00ea o blog do LACNIC?&nbsp; Estilo&nbsp; Conte\u00fado gerado pela IA No LACNIC Blog procuramos artigos que reflitam as diferentes perspectivas da nossa comunidade. Embora a IA possa ser \u00fatil para verificar gram\u00e1tica, ortografia e at\u00e9 mesmo fornecer ideias atraentes na hora de criar, n\u00e3o publicaremos artigos gerados com intelig\u00eancia artificial como forma de preservar [&hellip;]","og_url":"https:\/\/blog.lacnic.net\/pt-br\/diretrizes-para-contribuir-com-um-artigo\/","og_site_name":"LACNIC Blog","article_publisher":"https:\/\/facebook.com\/lacnic","article_modified_time":"2025-10-29T15:33:30+00:00","twitter_card":"summary_large_image","twitter_site":"@lacnic","schema":{"@context":"https:\/\/schema.org","@graph":[{"@type":"WebPage","@id":"https:\/\/blog.lacnic.net\/pt-br\/diretrizes-para-contribuir-com-um-artigo\/","url":"https:\/\/blog.lacnic.net\/pt-br\/diretrizes-para-contribuir-com-um-artigo\/","name":"Artigo para LACNIC Blog","isPartOf":{"@id":"https:\/\/blog.lacnic.net\/#website"},"datePublished":"2024-01-11T13:32:46+00:00","dateModified":"2025-10-29T15:33:30+00:00","breadcrumb":{"@id":"https:\/\/blog.lacnic.net\/pt-br\/diretrizes-para-contribuir-com-um-artigo\/#breadcrumb"},"inLanguage":"pt-BR","potentialAction":[{"@type":"ReadAction","target":["https:\/\/blog.lacnic.net\/pt-br\/diretrizes-para-contribuir-com-um-artigo\/"]}]},{"@type":"BreadcrumbList","@id":"https:\/\/blog.lacnic.net\/pt-br\/diretrizes-para-contribuir-com-um-artigo\/#breadcrumb","itemListElement":[{"@type":"ListItem","position":1,"name":"Portada","item":"https:\/\/blog.lacnic.net\/pt-br\/"},{"@type":"ListItem","position":2,"name":"Diretrizes para contribuir com um artigo"}]},{"@type":"WebSite","@id":"https:\/\/blog.lacnic.net\/#website","url":"https:\/\/blog.lacnic.net\/","name":"LACNIC Blog","description":"LACNIC Internet Community Newsletter","publisher":{"@id":"https:\/\/blog.lacnic.net\/#organization"},"potentialAction":[{"@type":"SearchAction","target":{"@type":"EntryPoint","urlTemplate":"https:\/\/blog.lacnic.net\/?s={search_term_string}"},"query-input":{"@type":"PropertyValueSpecification","valueRequired":true,"valueName":"search_term_string"}}],"inLanguage":"pt-BR"},{"@type":"Organization","@id":"https:\/\/blog.lacnic.net\/#organization","name":"LACNIC Blog","url":"https:\/\/blog.lacnic.net\/","logo":{"@type":"ImageObject","inLanguage":"pt-BR","@id":"https:\/\/blog.lacnic.net\/#\/schema\/logo\/image\/","url":"https:\/\/blog.lacnic.net\/wp-content\/uploads\/2023\/03\/lacnic-blog.svg","contentUrl":"https:\/\/blog.lacnic.net\/wp-content\/uploads\/2023\/03\/lacnic-blog.svg","caption":"LACNIC Blog"},"image":{"@id":"https:\/\/blog.lacnic.net\/#\/schema\/logo\/image\/"},"sameAs":["https:\/\/facebook.com\/lacnic","https:\/\/x.com\/lacnic","https:\/\/www.instagram.com\/lacnic\/?hl=es-la","https:\/\/uy.linkedin.com\/company\/lacnic","https:\/\/www.youtube.com\/user\/lacnicstaff","https:\/\/www.lacnic.net\/podcast"]}]}},"jetpack_sharing_enabled":true,"wpml_current_locale":"pt_BR","wpml_translations":[{"locale":"es_ES","id":24036,"post_title":"C\u00f3mo colaborar con un art\u00edculo","slug":"como-colaborar-con-un-articulo","href":"https:\/\/blog.lacnic.net\/como-colaborar-con-un-articulo\/"},{"locale":"en_US","id":24049,"post_title":"Guidelines for LACNIC Blog Contributors\u00a0","slug":"guidelines-for-lacnic-blog-contributors","href":"https:\/\/blog.lacnic.net\/en\/guidelines-for-lacnic-blog-contributors\/"}],"_links":{"self":[{"href":"https:\/\/blog.lacnic.net\/pt-br\/wp-json\/wp\/v2\/pages\/24057","targetHints":{"allow":["GET"]}}],"collection":[{"href":"https:\/\/blog.lacnic.net\/pt-br\/wp-json\/wp\/v2\/pages"}],"about":[{"href":"https:\/\/blog.lacnic.net\/pt-br\/wp-json\/wp\/v2\/types\/page"}],"author":[{"embeddable":true,"href":"https:\/\/blog.lacnic.net\/pt-br\/wp-json\/wp\/v2\/users\/6"}],"replies":[{"embeddable":true,"href":"https:\/\/blog.lacnic.net\/pt-br\/wp-json\/wp\/v2\/comments?post=24057"}],"version-history":[{"count":8,"href":"https:\/\/blog.lacnic.net\/pt-br\/wp-json\/wp\/v2\/pages\/24057\/revisions"}],"predecessor-version":[{"id":31558,"href":"https:\/\/blog.lacnic.net\/pt-br\/wp-json\/wp\/v2\/pages\/24057\/revisions\/31558"}],"wp:attachment":[{"href":"https:\/\/blog.lacnic.net\/pt-br\/wp-json\/wp\/v2\/media?parent=24057"}],"curies":[{"name":"wp","href":"https:\/\/api.w.org\/{rel}","templated":true}]}}