{"id":12913,"date":"2020-03-30T17:09:57","date_gmt":"2020-03-30T17:09:57","guid":{"rendered":"https:\/\/prensa.lacnic.net\/news?page_id=12913"},"modified":"2024-06-28T13:39:36","modified_gmt":"2024-06-28T13:39:36","slug":"assinar","status":"publish","type":"page","link":"https:\/\/blog.lacnic.net\/pt-br\/assinar\/","title":{"rendered":"Assinar"},"content":{"rendered":"\n<div><form class=\"js-cm-form\" id=\"subForm\" action=\"https:\/\/www.createsend.com\/t\/subscribeerror?description=\" method=\"post\" data-id=\"5B5E7037DA78A748374AD499497E309E7DAB3B10BB30D1ECB6CA7B46AFFBD689737865413884CB153C7183F2290ABD5A5B497EDFF50BD987BCEEA2B83BCCF874\"><div><div><label>Endere\u00e7o de Email <\/label><input autocomplete=\"Email\" aria-label=\"Endere\u00e7o de Email\" class=\"js-cm-email-input qa-input-email\" id=\"fieldEmail\" maxlength=\"200\" name=\"cm-btkhhlr-btkhhlr\" placeholder=\"Endere\u00e7o de Email\" required=\"\" type=\"email\"><\/div><\/div><button type=\"submit\">Inscrever-se<\/button><\/form><\/div><script type=\"text\/javascript\" src=\"https:\/\/js.createsend1.com\/javascript\/copypastesubscribeformlogic.js\"><\/script>\n\n\n\n<p><\/p>\n\n\n\n<h2 class=\"wp-block-heading\">\u00daltimas not\u00edcias<\/h2>\n\n\n\n<div class=\"posts_list\"><div><div><p class=\"category_home_feed\"><\/p><\/div><div><a href=\"https:\/\/blog.lacnic.net\/pt-br\/\/legislacao-internet-governanca-digital\"\n        title=\"Entender Internet para uma legisla\u00e7\u00e3o melhor\">\n            <figure class=\"post_image\"> <img decoding=\"async\" \n                src=\"https:\/\/blog.lacnic.net\/wp-content\/uploads\/2026\/03\/gobernanza-internet-reunion-uruguay-2026.jpg\"\n                alt=\"Entender Internet para uma legisla\u00e7\u00e3o melhor\" \n                class=\"lcp_thumbnail wp-post-image\" \n                width=\"680\" height=\"330\" \n            \/>\n            <\/figure>\n        <\/a><p class=\"post_date\">  31\/03\/2026<\/p><div class=\"post-tags\"><a href=\"https:\/\/blog.lacnic.net\/pt-br\/tag\/public-policy\/\">Public Policy<\/a><\/div><\/div><div><h2>\n        <a href=\"https:\/\/blog.lacnic.net\/pt-br\/\/legislacao-internet-governanca-digital\">Entender Internet para uma legisla\u00e7\u00e3o melhor<\/a>\n    <\/h2><p class=\"post_author\"><span class=\"es\">Por:<\/span> <span class=\"en\">By:<\/span><span class=\"pt\">Por:<\/span>&nbsp;Paula Oteguy<\/p><a href=\"https:\/\/blog.lacnic.net\/pt-br\/\/legislacao-internet-governanca-digital\" class=\"post_url\">\n        <span class=\"es\">Leer art\u00edculo<\/span>\n        <span class=\"en\">Read Article<\/span>\n        <span class=\"pt\">Leia o artigo<\/span>\n    <\/a><\/div><\/div><div><div><p class=\"category_home_feed\"><\/p><\/div><div><a href=\"https:\/\/blog.lacnic.net\/pt-br\/\/o-rpki-versus-a-engenharia-social-um-estudo-de-caso-sobre-sequestro-de-rotas\"\n        title=\"\u00a0O RPKI versus a engenharia social: um estudo de caso sobre sequestro de rotas\">\n            <figure class=\"post_image\"> <img decoding=\"async\" \n                src=\"https:\/\/blog.lacnic.net\/wp-content\/uploads\/2026\/03\/rpki-social-engineering-2026.jpg\"\n                alt=\"\u00a0O RPKI versus a engenharia social: um estudo de caso sobre sequestro de rotas\" \n                class=\"lcp_thumbnail wp-post-image\" \n                width=\"680\" height=\"330\" \n            \/>\n            <\/figure>\n        <\/a><p class=\"post_date\">  24\/03\/2026<\/p><div class=\"post-tags\"><a href=\"https:\/\/blog.lacnic.net\/pt-br\/tag\/roteamento\/\">Roteamento<\/a><\/div><\/div><div><h2>\n        <a href=\"https:\/\/blog.lacnic.net\/pt-br\/\/o-rpki-versus-a-engenharia-social-um-estudo-de-caso-sobre-sequestro-de-rotas\">\u00a0O RPKI versus a engenharia social: um estudo de caso sobre sequestro de rotas<\/a>\n    <\/h2><p class=\"post_author\"><span class=\"es\">Por:<\/span> <span class=\"en\">By:<\/span><span class=\"pt\">Por:<\/span>&nbsp;Carlos Mart\u00ednez<span class=\"comma\">,<\/span><span class=\"es\">Por:<\/span> <span class=\"en\">By:<\/span><span class=\"pt\">Por:<\/span>&nbsp;Sanjaya<span class=\"comma\">,<\/span><\/p><a href=\"https:\/\/blog.lacnic.net\/pt-br\/\/o-rpki-versus-a-engenharia-social-um-estudo-de-caso-sobre-sequestro-de-rotas\" class=\"post_url\">\n        <span class=\"es\">Leer art\u00edculo<\/span>\n        <span class=\"en\">Read Article<\/span>\n        <span class=\"pt\">Leia o artigo<\/span>\n    <\/a><\/div><\/div><div><div><p class=\"category_home_feed\"><\/p><\/div><div><a href=\"https:\/\/blog.lacnic.net\/pt-br\/\/embaixadores-pd-2026\"\n        title=\"Embaixadores P&amp;D alinhados com a estrat\u00e9gia do LACNIC\">\n            <figure class=\"post_image\"> <img decoding=\"async\" \n                src=\"https:\/\/blog.lacnic.net\/wp-content\/uploads\/2026\/03\/embajadores-2026.png\"\n                alt=\"Embaixadores P&amp;D alinhados com a estrat\u00e9gia do LACNIC\" \n                class=\"lcp_thumbnail wp-post-image\" \n                width=\"680\" height=\"330\" \n            \/>\n            <\/figure>\n        <\/a><p class=\"post_date\">  23\/03\/2026<\/p><div class=\"post-tags\"><a href=\"https:\/\/blog.lacnic.net\/pt-br\/tag\/institucional-pt\/\">Institucional<\/a><\/div><\/div><div><h2>\n        <a href=\"https:\/\/blog.lacnic.net\/pt-br\/\/embaixadores-pd-2026\">Embaixadores P&amp;D alinhados com a estrat\u00e9gia do LACNIC<\/a>\n    <\/h2><a href=\"https:\/\/blog.lacnic.net\/pt-br\/\/embaixadores-pd-2026\" class=\"post_url\">\n        <span class=\"es\">Leer art\u00edculo<\/span>\n        <span class=\"en\">Read Article<\/span>\n        <span class=\"pt\">Leia o artigo<\/span>\n    <\/a><\/div><\/div><div><div><p class=\"category_home_feed\"><\/p><\/div><div><a href=\"https:\/\/blog.lacnic.net\/pt-br\/\/ipv6-mostly-fronteira\"\n        title=\"IPv6-mostly: a fronteira final\">\n            <figure class=\"post_image\"> <img decoding=\"async\" \n                src=\"https:\/\/blog.lacnic.net\/wp-content\/uploads\/2026\/03\/ipv6-mostly-the-final-frontier.png\"\n                alt=\"IPv6-mostly: a fronteira final\" \n                class=\"lcp_thumbnail wp-post-image\" \n                width=\"680\" height=\"330\" \n            \/>\n            <\/figure>\n        <\/a><p class=\"post_date\">  17\/03\/2026<\/p><div class=\"post-tags\"><a href=\"https:\/\/blog.lacnic.net\/pt-br\/tag\/ipv6\/\">IPv6<\/a><\/div><\/div><div><h2>\n        <a href=\"https:\/\/blog.lacnic.net\/pt-br\/\/ipv6-mostly-fronteira\">IPv6-mostly: a fronteira final<\/a>\n    <\/h2><p class=\"post_author\"><span class=\"es\">Por:<\/span> <span class=\"en\">By:<\/span><span class=\"pt\">Por:<\/span>&nbsp;Henri Alves de Godoy<\/p><a href=\"https:\/\/blog.lacnic.net\/pt-br\/\/ipv6-mostly-fronteira\" class=\"post_url\">\n        <span class=\"es\">Leer art\u00edculo<\/span>\n        <span class=\"en\">Read Article<\/span>\n        <span class=\"pt\">Leia o artigo<\/span>\n    <\/a><\/div><\/div><div><div><p class=\"category_home_feed\"><\/p><\/div><div><a href=\"https:\/\/blog.lacnic.net\/pt-br\/\/fragmentacao-ipv6\"\n        title=\"Como evitar a fragmenta\u00e7\u00e3o do espa\u00e7o de nomes em ambientes IPv4\/IPv6\">\n            <figure class=\"post_image\"> <img decoding=\"async\" \n                src=\"https:\/\/blog.lacnic.net\/wp-content\/uploads\/2026\/03\/fragmentacion-ipv6-dns.jpg\"\n                alt=\"Como evitar a fragmenta\u00e7\u00e3o do espa\u00e7o de nomes em ambientes IPv4\/IPv6\" \n                class=\"lcp_thumbnail wp-post-image\" \n                width=\"680\" height=\"330\" \n            \/>\n            <\/figure>\n        <\/a><p class=\"post_date\">  13\/03\/2026<\/p><div class=\"post-tags\"><a href=\"https:\/\/blog.lacnic.net\/pt-br\/tag\/ipv6\/\">IPv6<\/a><\/div><\/div><div><h2>\n        <a href=\"https:\/\/blog.lacnic.net\/pt-br\/\/fragmentacao-ipv6\">Como evitar a fragmenta\u00e7\u00e3o do espa\u00e7o de nomes em ambientes IPv4\/IPv6<\/a>\n    <\/h2><p class=\"post_author\"><span class=\"es\">Por:<\/span> <span class=\"en\">By:<\/span><span class=\"pt\">Por:<\/span>&nbsp;Alejandro Acosta<span class=\"comma\">,<\/span><span class=\"es\">Por:<\/span> <span class=\"en\">By:<\/span><span class=\"pt\">Por:<\/span>&nbsp;Hugo Salgado<span class=\"comma\">,<\/span><\/p><a href=\"https:\/\/blog.lacnic.net\/pt-br\/\/fragmentacao-ipv6\" class=\"post_url\">\n        <span class=\"es\">Leer art\u00edculo<\/span>\n        <span class=\"en\">Read Article<\/span>\n        <span class=\"pt\">Leia o artigo<\/span>\n    <\/a><\/div><\/div><div><div><p class=\"category_home_feed\"><\/p><\/div><div><a href=\"https:\/\/blog.lacnic.net\/pt-br\/\/fatores-tecnicos-sucesso-internet\"\n        title=\"A atualidade dos fatores t\u00e9cnicos para o sucesso da Internet\">\n            <figure class=\"post_image\"> <img decoding=\"async\" \n                src=\"https:\/\/blog.lacnic.net\/wp-content\/uploads\/2026\/03\/factores-de-exito-de-internet.jpg\"\n                alt=\"A atualidade dos fatores t\u00e9cnicos para o sucesso da Internet\" \n                class=\"lcp_thumbnail wp-post-image\" \n                width=\"680\" height=\"330\" \n            \/>\n            <\/figure>\n        <\/a><p class=\"post_date\">  11\/03\/2026<\/p><div class=\"post-tags\"><a href=\"https:\/\/blog.lacnic.net\/pt-br\/tag\/institucional-pt\/\">Institucional<\/a><\/div><\/div><div><h2>\n        <a href=\"https:\/\/blog.lacnic.net\/pt-br\/\/fatores-tecnicos-sucesso-internet\">A atualidade dos fatores t\u00e9cnicos para o sucesso da Internet<\/a>\n    <\/h2><p class=\"post_author\"><span class=\"es\">Por:<\/span> <span class=\"en\">By:<\/span><span class=\"pt\">Por:<\/span>&nbsp;Carlos Mart\u00ednez<\/p><a href=\"https:\/\/blog.lacnic.net\/pt-br\/\/fatores-tecnicos-sucesso-internet\" class=\"post_url\">\n        <span class=\"es\">Leer art\u00edculo<\/span>\n        <span class=\"en\">Read Article<\/span>\n        <span class=\"pt\">Leia o artigo<\/span>\n    <\/a><\/div><\/div><\/div>\n","protected":false},"excerpt":{"rendered":"<p>Endere\u00e7o de Email Inscrever-se \u00daltimas not\u00edcias<\/p>\n","protected":false},"author":6,"featured_media":0,"parent":0,"menu_order":0,"comment_status":"closed","ping_status":"closed","template":"","meta":{"_acf_changed":false,"footnotes":""},"class_list":["post-12913","page","type-page","status-publish","hentry"],"acf":[],"yoast_head":"<!-- This site is optimized with the Yoast SEO plugin v27.0 - https:\/\/yoast.com\/product\/yoast-seo-wordpress\/ -->\n<title>LACNIC Blog | Assinar<\/title>\n<meta name=\"robots\" content=\"index, follow, max-snippet:-1, max-image-preview:large, max-video-preview:-1\" \/>\n<link rel=\"canonical\" href=\"https:\/\/blog.lacnic.net\/pt-br\/assinar\/\" \/>\n<meta property=\"og:locale\" content=\"pt_BR\" \/>\n<meta property=\"og:type\" content=\"article\" \/>\n<meta property=\"og:title\" content=\"LACNIC Blog | Assinar\" \/>\n<meta property=\"og:description\" content=\"Endere\u00e7o de Email Inscrever-se \u00daltimas not\u00edcias\" \/>\n<meta property=\"og:url\" content=\"https:\/\/blog.lacnic.net\/pt-br\/assinar\/\" \/>\n<meta property=\"og:site_name\" content=\"LACNIC Blog\" \/>\n<meta property=\"article:publisher\" content=\"https:\/\/facebook.com\/lacnic\" \/>\n<meta property=\"article:modified_time\" content=\"2024-06-28T13:39:36+00:00\" \/>\n<meta name=\"twitter:card\" content=\"summary_large_image\" \/>\n<meta name=\"twitter:site\" content=\"@lacnic\" \/>\n<script type=\"application\/ld+json\" class=\"yoast-schema-graph\">{\"@context\":\"https:\/\/schema.org\",\"@graph\":[{\"@type\":\"WebPage\",\"@id\":\"https:\/\/blog.lacnic.net\/pt-br\/assinar\/\",\"url\":\"https:\/\/blog.lacnic.net\/pt-br\/assinar\/\",\"name\":\"LACNIC Blog | Assinar\",\"isPartOf\":{\"@id\":\"https:\/\/blog.lacnic.net\/#website\"},\"datePublished\":\"2020-03-30T17:09:57+00:00\",\"dateModified\":\"2024-06-28T13:39:36+00:00\",\"breadcrumb\":{\"@id\":\"https:\/\/blog.lacnic.net\/pt-br\/assinar\/#breadcrumb\"},\"inLanguage\":\"pt-BR\",\"potentialAction\":[{\"@type\":\"ReadAction\",\"target\":[\"https:\/\/blog.lacnic.net\/pt-br\/assinar\/\"]}]},{\"@type\":\"BreadcrumbList\",\"@id\":\"https:\/\/blog.lacnic.net\/pt-br\/assinar\/#breadcrumb\",\"itemListElement\":[{\"@type\":\"ListItem\",\"position\":1,\"name\":\"Portada\",\"item\":\"https:\/\/blog.lacnic.net\/pt-br\/\"},{\"@type\":\"ListItem\",\"position\":2,\"name\":\"Assinar\"}]},{\"@type\":\"WebSite\",\"@id\":\"https:\/\/blog.lacnic.net\/#website\",\"url\":\"https:\/\/blog.lacnic.net\/\",\"name\":\"LACNIC Blog\",\"description\":\"LACNIC Internet Community Newsletter\",\"publisher\":{\"@id\":\"https:\/\/blog.lacnic.net\/#organization\"},\"potentialAction\":[{\"@type\":\"SearchAction\",\"target\":{\"@type\":\"EntryPoint\",\"urlTemplate\":\"https:\/\/blog.lacnic.net\/?s={search_term_string}\"},\"query-input\":{\"@type\":\"PropertyValueSpecification\",\"valueRequired\":true,\"valueName\":\"search_term_string\"}}],\"inLanguage\":\"pt-BR\"},{\"@type\":\"Organization\",\"@id\":\"https:\/\/blog.lacnic.net\/#organization\",\"name\":\"LACNIC Blog\",\"url\":\"https:\/\/blog.lacnic.net\/\",\"logo\":{\"@type\":\"ImageObject\",\"inLanguage\":\"pt-BR\",\"@id\":\"https:\/\/blog.lacnic.net\/#\/schema\/logo\/image\/\",\"url\":\"https:\/\/blog.lacnic.net\/wp-content\/uploads\/2023\/03\/lacnic-blog.svg\",\"contentUrl\":\"https:\/\/blog.lacnic.net\/wp-content\/uploads\/2023\/03\/lacnic-blog.svg\",\"caption\":\"LACNIC Blog\"},\"image\":{\"@id\":\"https:\/\/blog.lacnic.net\/#\/schema\/logo\/image\/\"},\"sameAs\":[\"https:\/\/facebook.com\/lacnic\",\"https:\/\/x.com\/lacnic\",\"https:\/\/www.instagram.com\/lacnic\/?hl=es-la\",\"https:\/\/uy.linkedin.com\/company\/lacnic\",\"https:\/\/www.youtube.com\/user\/lacnicstaff\",\"https:\/\/www.lacnic.net\/podcast\"]}]}<\/script>\n<!-- \/ Yoast SEO plugin. -->","yoast_head_json":{"title":"LACNIC Blog | Assinar","robots":{"index":"index","follow":"follow","max-snippet":"max-snippet:-1","max-image-preview":"max-image-preview:large","max-video-preview":"max-video-preview:-1"},"canonical":"https:\/\/blog.lacnic.net\/pt-br\/assinar\/","og_locale":"pt_BR","og_type":"article","og_title":"LACNIC Blog | Assinar","og_description":"Endere\u00e7o de Email Inscrever-se \u00daltimas not\u00edcias","og_url":"https:\/\/blog.lacnic.net\/pt-br\/assinar\/","og_site_name":"LACNIC Blog","article_publisher":"https:\/\/facebook.com\/lacnic","article_modified_time":"2024-06-28T13:39:36+00:00","twitter_card":"summary_large_image","twitter_site":"@lacnic","schema":{"@context":"https:\/\/schema.org","@graph":[{"@type":"WebPage","@id":"https:\/\/blog.lacnic.net\/pt-br\/assinar\/","url":"https:\/\/blog.lacnic.net\/pt-br\/assinar\/","name":"LACNIC Blog | Assinar","isPartOf":{"@id":"https:\/\/blog.lacnic.net\/#website"},"datePublished":"2020-03-30T17:09:57+00:00","dateModified":"2024-06-28T13:39:36+00:00","breadcrumb":{"@id":"https:\/\/blog.lacnic.net\/pt-br\/assinar\/#breadcrumb"},"inLanguage":"pt-BR","potentialAction":[{"@type":"ReadAction","target":["https:\/\/blog.lacnic.net\/pt-br\/assinar\/"]}]},{"@type":"BreadcrumbList","@id":"https:\/\/blog.lacnic.net\/pt-br\/assinar\/#breadcrumb","itemListElement":[{"@type":"ListItem","position":1,"name":"Portada","item":"https:\/\/blog.lacnic.net\/pt-br\/"},{"@type":"ListItem","position":2,"name":"Assinar"}]},{"@type":"WebSite","@id":"https:\/\/blog.lacnic.net\/#website","url":"https:\/\/blog.lacnic.net\/","name":"LACNIC Blog","description":"LACNIC Internet Community Newsletter","publisher":{"@id":"https:\/\/blog.lacnic.net\/#organization"},"potentialAction":[{"@type":"SearchAction","target":{"@type":"EntryPoint","urlTemplate":"https:\/\/blog.lacnic.net\/?s={search_term_string}"},"query-input":{"@type":"PropertyValueSpecification","valueRequired":true,"valueName":"search_term_string"}}],"inLanguage":"pt-BR"},{"@type":"Organization","@id":"https:\/\/blog.lacnic.net\/#organization","name":"LACNIC Blog","url":"https:\/\/blog.lacnic.net\/","logo":{"@type":"ImageObject","inLanguage":"pt-BR","@id":"https:\/\/blog.lacnic.net\/#\/schema\/logo\/image\/","url":"https:\/\/blog.lacnic.net\/wp-content\/uploads\/2023\/03\/lacnic-blog.svg","contentUrl":"https:\/\/blog.lacnic.net\/wp-content\/uploads\/2023\/03\/lacnic-blog.svg","caption":"LACNIC Blog"},"image":{"@id":"https:\/\/blog.lacnic.net\/#\/schema\/logo\/image\/"},"sameAs":["https:\/\/facebook.com\/lacnic","https:\/\/x.com\/lacnic","https:\/\/www.instagram.com\/lacnic\/?hl=es-la","https:\/\/uy.linkedin.com\/company\/lacnic","https:\/\/www.youtube.com\/user\/lacnicstaff","https:\/\/www.lacnic.net\/podcast"]}]}},"jetpack_sharing_enabled":true,"wpml_current_locale":"pt_BR","wpml_translations":[{"locale":"es_ES","id":12908,"post_title":"Suscribirse","slug":"suscribirse","href":"https:\/\/blog.lacnic.net\/suscribirse\/"},{"locale":"en_US","id":12911,"post_title":"Subscribe","slug":"subscribe","href":"https:\/\/blog.lacnic.net\/en\/subscribe\/"}],"_links":{"self":[{"href":"https:\/\/blog.lacnic.net\/pt-br\/wp-json\/wp\/v2\/pages\/12913","targetHints":{"allow":["GET"]}}],"collection":[{"href":"https:\/\/blog.lacnic.net\/pt-br\/wp-json\/wp\/v2\/pages"}],"about":[{"href":"https:\/\/blog.lacnic.net\/pt-br\/wp-json\/wp\/v2\/types\/page"}],"author":[{"embeddable":true,"href":"https:\/\/blog.lacnic.net\/pt-br\/wp-json\/wp\/v2\/users\/6"}],"replies":[{"embeddable":true,"href":"https:\/\/blog.lacnic.net\/pt-br\/wp-json\/wp\/v2\/comments?post=12913"}],"version-history":[{"count":23,"href":"https:\/\/blog.lacnic.net\/pt-br\/wp-json\/wp\/v2\/pages\/12913\/revisions"}],"predecessor-version":[{"id":26515,"href":"https:\/\/blog.lacnic.net\/pt-br\/wp-json\/wp\/v2\/pages\/12913\/revisions\/26515"}],"wp:attachment":[{"href":"https:\/\/blog.lacnic.net\/pt-br\/wp-json\/wp\/v2\/media?parent=12913"}],"curies":[{"name":"wp","href":"https:\/\/api.w.org\/{rel}","templated":true}]}}