{"id":12870,"date":"2020-03-30T13:31:23","date_gmt":"2020-03-30T13:31:23","guid":{"rendered":"https:\/\/prensa.lacnic.net\/news?page_id=12870"},"modified":"2022-10-17T14:22:02","modified_gmt":"2022-10-17T14:22:02","slug":"edicoes-anteriores","status":"publish","type":"page","link":"https:\/\/blog.lacnic.net\/pt-br\/edicoes-anteriores\/","title":{"rendered":"Edi\u00e7\u00f5es anteriores"},"content":{"rendered":"\n<div class=\"posts_list\"><div><div><p class=\"category_home_feed\"><\/p><\/div><div><a href=\"https:\/\/blog.lacnic.net\/pt-br\/\/tutoriais-lacnic45\"\n        title=\"Novidades de tutoriais t\u00e9cnicos no LACNIC 45\">\n            <figure class=\"post_image\"> <img decoding=\"async\" \n                src=\"https:\/\/blog.lacnic.net\/wp-content\/uploads\/2026\/04\/lacnic45-panama-2026.jpg\"\n                alt=\"Novidades de tutoriais t\u00e9cnicos no LACNIC 45\" \n                class=\"lcp_thumbnail wp-post-image\" \n                width=\"680\" height=\"330\" \n            \/>\n            <\/figure>\n        <\/a><p class=\"post_date\">  22\/04\/2026<\/p><div class=\"post-tags\"><a href=\"https:\/\/blog.lacnic.net\/pt-br\/tag\/eventos-pt-br\/\">Eventos<\/a><\/div><\/div><div><h2>\n        <a href=\"https:\/\/blog.lacnic.net\/pt-br\/\/tutoriais-lacnic45\">Novidades de tutoriais t\u00e9cnicos no LACNIC 45<\/a>\n    <\/h2><a href=\"https:\/\/blog.lacnic.net\/pt-br\/\/tutoriais-lacnic45\" class=\"post_url\">\n        <span class=\"es\">Leer art\u00edculo<\/span>\n        <span class=\"en\">Read Article<\/span>\n        <span class=\"pt\">Leia o artigo<\/span>\n    <\/a><\/div><\/div><div><div><p class=\"category_home_feed\"><\/p><\/div><div><a href=\"https:\/\/blog.lacnic.net\/pt-br\/\/internet-panama\"\n        title=\"Estado atual da Internet no Panam\u00e1\">\n            <figure class=\"post_image\"> <img decoding=\"async\" \n                src=\"https:\/\/blog.lacnic.net\/wp-content\/uploads\/2026\/04\/panama-internet-2026.jpg\"\n                alt=\"Estado atual da Internet no Panam\u00e1\" \n                class=\"lcp_thumbnail wp-post-image\" \n                width=\"680\" height=\"330\" \n            \/>\n            <\/figure>\n        <\/a><p class=\"post_date\">  15\/04\/2026<\/p><div class=\"post-tags\"><a href=\"https:\/\/blog.lacnic.net\/pt-br\/tag\/medicoes-da-internet\/\">Medi\u00e7\u00f5es da Internet<\/a><\/div><\/div><div><h2>\n        <a href=\"https:\/\/blog.lacnic.net\/pt-br\/\/internet-panama\">Estado atual da Internet no Panam\u00e1<\/a>\n    <\/h2><p class=\"post_author\"><span class=\"es\">Por:<\/span> <span class=\"en\">By:<\/span><span class=\"pt\">Por:<\/span>&nbsp;Elisa Peirano<\/p><a href=\"https:\/\/blog.lacnic.net\/pt-br\/\/internet-panama\" class=\"post_url\">\n        <span class=\"es\">Leer art\u00edculo<\/span>\n        <span class=\"en\">Read Article<\/span>\n        <span class=\"pt\">Leia o artigo<\/span>\n    <\/a><\/div><\/div><div><div><p class=\"category_home_feed\"><\/p><\/div><div><a href=\"https:\/\/blog.lacnic.net\/pt-br\/\/icp-2-atualizacao-governanca\"\n        title=\"ICP-2: avan\u00e7os e pr\u00f3ximos passos na atualiza\u00e7\u00e3o do marco de governan\u00e7a dos RIRs\">\n            <figure class=\"post_image\"> <img decoding=\"async\" \n                src=\"https:\/\/blog.lacnic.net\/wp-content\/uploads\/2026\/04\/icp2-ia-image.png\"\n                alt=\"ICP-2: avan\u00e7os e pr\u00f3ximos passos na atualiza\u00e7\u00e3o do marco de governan\u00e7a dos RIRs\" \n                class=\"lcp_thumbnail wp-post-image\" \n                width=\"680\" height=\"330\" \n            \/>\n            <\/figure>\n        <\/a><p class=\"post_date\">  10\/04\/2026<\/p><div class=\"post-tags\"><a href=\"https:\/\/blog.lacnic.net\/pt-br\/tag\/institucional-pt\/\">Institucional<\/a><\/div><\/div><div><h2>\n        <a href=\"https:\/\/blog.lacnic.net\/pt-br\/\/icp-2-atualizacao-governanca\">ICP-2: avan\u00e7os e pr\u00f3ximos passos na atualiza\u00e7\u00e3o do marco de governan\u00e7a dos RIRs<\/a>\n    <\/h2><p class=\"post_author\"><span class=\"es\">Por:<\/span> <span class=\"en\">By:<\/span><span class=\"pt\">Por:<\/span>&nbsp;Esteban Lescano<span class=\"comma\">,<\/span><span class=\"es\">Por:<\/span> <span class=\"en\">By:<\/span><span class=\"pt\">Por:<\/span>&nbsp;Jorge Villa<span class=\"comma\">,<\/span><span class=\"es\">Por:<\/span> <span class=\"en\">By:<\/span><span class=\"pt\">Por:<\/span>&nbsp;Ricardo Patara<span class=\"comma\">,<\/span><\/p><a href=\"https:\/\/blog.lacnic.net\/pt-br\/\/icp-2-atualizacao-governanca\" class=\"post_url\">\n        <span class=\"es\">Leer art\u00edculo<\/span>\n        <span class=\"en\">Read Article<\/span>\n        <span class=\"pt\">Leia o artigo<\/span>\n    <\/a><\/div><\/div><div><div><p class=\"category_home_feed\"><\/p><\/div><div><a href=\"https:\/\/blog.lacnic.net\/pt-br\/\/ipv6-unnembered\"\n        title=\"O debate sobre o conceito IPv6 unnumbered\">\n            <figure class=\"post_image\"> <img decoding=\"async\" \n                src=\"https:\/\/blog.lacnic.net\/wp-content\/uploads\/2026\/04\/ipv6-unnumbered.jpg\"\n                alt=\"O debate sobre o conceito IPv6 unnumbered\" \n                class=\"lcp_thumbnail wp-post-image\" \n                width=\"680\" height=\"330\" \n            \/>\n            <\/figure>\n        <\/a><p class=\"post_date\">  10\/04\/2026<\/p><div class=\"post-tags\"><a href=\"https:\/\/blog.lacnic.net\/pt-br\/tag\/ipv6\/\">IPv6<\/a><\/div><\/div><div><h2>\n        <a href=\"https:\/\/blog.lacnic.net\/pt-br\/\/ipv6-unnembered\">O debate sobre o conceito IPv6 unnumbered<\/a>\n    <\/h2><p class=\"post_author\"><span class=\"es\">Por:<\/span> <span class=\"en\">By:<\/span><span class=\"pt\">Por:<\/span>&nbsp;Alejandro Acosta<\/p><a href=\"https:\/\/blog.lacnic.net\/pt-br\/\/ipv6-unnembered\" class=\"post_url\">\n        <span class=\"es\">Leer art\u00edculo<\/span>\n        <span class=\"en\">Read Article<\/span>\n        <span class=\"pt\">Leia o artigo<\/span>\n    <\/a><\/div><\/div><div><div><p class=\"category_home_feed\"><\/p><\/div><div><a href=\"https:\/\/blog.lacnic.net\/pt-br\/\/legislacao-internet-governanca-digital\"\n        title=\"Entender Internet para uma legisla\u00e7\u00e3o melhor\">\n            <figure class=\"post_image\"> <img decoding=\"async\" \n                src=\"https:\/\/blog.lacnic.net\/wp-content\/uploads\/2026\/03\/gobernanza-internet-reunion-uruguay-2026.jpg\"\n                alt=\"Entender Internet para uma legisla\u00e7\u00e3o melhor\" \n                class=\"lcp_thumbnail wp-post-image\" \n                width=\"680\" height=\"330\" \n            \/>\n            <\/figure>\n        <\/a><p class=\"post_date\">  31\/03\/2026<\/p><div class=\"post-tags\"><a href=\"https:\/\/blog.lacnic.net\/pt-br\/tag\/public-policy\/\">Public Policy<\/a><\/div><\/div><div><h2>\n        <a href=\"https:\/\/blog.lacnic.net\/pt-br\/\/legislacao-internet-governanca-digital\">Entender Internet para uma legisla\u00e7\u00e3o melhor<\/a>\n    <\/h2><p class=\"post_author\"><span class=\"es\">Por:<\/span> <span class=\"en\">By:<\/span><span class=\"pt\">Por:<\/span>&nbsp;Paula Oteguy<\/p><a href=\"https:\/\/blog.lacnic.net\/pt-br\/\/legislacao-internet-governanca-digital\" class=\"post_url\">\n        <span class=\"es\">Leer art\u00edculo<\/span>\n        <span class=\"en\">Read Article<\/span>\n        <span class=\"pt\">Leia o artigo<\/span>\n    <\/a><\/div><\/div><div><div><p class=\"category_home_feed\"><\/p><\/div><div><a href=\"https:\/\/blog.lacnic.net\/pt-br\/\/o-rpki-versus-a-engenharia-social-um-estudo-de-caso-sobre-sequestro-de-rotas\"\n        title=\"\u00a0O RPKI versus a engenharia social: um estudo de caso sobre sequestro de rotas\">\n            <figure class=\"post_image\"> <img decoding=\"async\" \n                src=\"https:\/\/blog.lacnic.net\/wp-content\/uploads\/2026\/03\/rpki-social-engineering-2026.jpg\"\n                alt=\"\u00a0O RPKI versus a engenharia social: um estudo de caso sobre sequestro de rotas\" \n                class=\"lcp_thumbnail wp-post-image\" \n                width=\"680\" height=\"330\" \n            \/>\n            <\/figure>\n        <\/a><p class=\"post_date\">  24\/03\/2026<\/p><div class=\"post-tags\"><a href=\"https:\/\/blog.lacnic.net\/pt-br\/tag\/roteamento\/\">Roteamento<\/a><\/div><\/div><div><h2>\n        <a href=\"https:\/\/blog.lacnic.net\/pt-br\/\/o-rpki-versus-a-engenharia-social-um-estudo-de-caso-sobre-sequestro-de-rotas\">\u00a0O RPKI versus a engenharia social: um estudo de caso sobre sequestro de rotas<\/a>\n    <\/h2><p class=\"post_author\"><span class=\"es\">Por:<\/span> <span class=\"en\">By:<\/span><span class=\"pt\">Por:<\/span>&nbsp;Carlos Mart\u00ednez<span class=\"comma\">,<\/span><span class=\"es\">Por:<\/span> <span class=\"en\">By:<\/span><span class=\"pt\">Por:<\/span>&nbsp;Sanjaya<span class=\"comma\">,<\/span><\/p><a href=\"https:\/\/blog.lacnic.net\/pt-br\/\/o-rpki-versus-a-engenharia-social-um-estudo-de-caso-sobre-sequestro-de-rotas\" class=\"post_url\">\n        <span class=\"es\">Leer art\u00edculo<\/span>\n        <span class=\"en\">Read Article<\/span>\n        <span class=\"pt\">Leia o artigo<\/span>\n    <\/a><\/div><\/div><div><div><p class=\"category_home_feed\"><\/p><\/div><div><a href=\"https:\/\/blog.lacnic.net\/pt-br\/\/embaixadores-pd-2026\"\n        title=\"Embaixadores P&amp;D alinhados com a estrat\u00e9gia do LACNIC\">\n            <figure class=\"post_image\"> <img decoding=\"async\" \n                src=\"https:\/\/blog.lacnic.net\/wp-content\/uploads\/2026\/03\/embajadores-2026.png\"\n                alt=\"Embaixadores P&amp;D alinhados com a estrat\u00e9gia do LACNIC\" \n                class=\"lcp_thumbnail wp-post-image\" \n                width=\"680\" height=\"330\" \n            \/>\n            <\/figure>\n        <\/a><p class=\"post_date\">  23\/03\/2026<\/p><div class=\"post-tags\"><a href=\"https:\/\/blog.lacnic.net\/pt-br\/tag\/institucional-pt\/\">Institucional<\/a><\/div><\/div><div><h2>\n        <a href=\"https:\/\/blog.lacnic.net\/pt-br\/\/embaixadores-pd-2026\">Embaixadores P&amp;D alinhados com a estrat\u00e9gia do LACNIC<\/a>\n    <\/h2><a href=\"https:\/\/blog.lacnic.net\/pt-br\/\/embaixadores-pd-2026\" class=\"post_url\">\n        <span class=\"es\">Leer art\u00edculo<\/span>\n        <span class=\"en\">Read Article<\/span>\n        <span class=\"pt\">Leia o artigo<\/span>\n    <\/a><\/div><\/div><div><div><p class=\"category_home_feed\"><\/p><\/div><div><a href=\"https:\/\/blog.lacnic.net\/pt-br\/\/ipv6-mostly-fronteira\"\n        title=\"IPv6-mostly: a fronteira final\">\n            <figure class=\"post_image\"> <img decoding=\"async\" \n                src=\"https:\/\/blog.lacnic.net\/wp-content\/uploads\/2026\/03\/ipv6-mostly-the-final-frontier.png\"\n                alt=\"IPv6-mostly: a fronteira final\" \n                class=\"lcp_thumbnail wp-post-image\" \n                width=\"680\" height=\"330\" \n            \/>\n            <\/figure>\n        <\/a><p class=\"post_date\">  17\/03\/2026<\/p><div class=\"post-tags\"><a href=\"https:\/\/blog.lacnic.net\/pt-br\/tag\/ipv6\/\">IPv6<\/a><\/div><\/div><div><h2>\n        <a href=\"https:\/\/blog.lacnic.net\/pt-br\/\/ipv6-mostly-fronteira\">IPv6-mostly: a fronteira final<\/a>\n    <\/h2><p class=\"post_author\"><span class=\"es\">Por:<\/span> <span class=\"en\">By:<\/span><span class=\"pt\">Por:<\/span>&nbsp;Henri Alves de Godoy<\/p><a href=\"https:\/\/blog.lacnic.net\/pt-br\/\/ipv6-mostly-fronteira\" class=\"post_url\">\n        <span class=\"es\">Leer art\u00edculo<\/span>\n        <span class=\"en\">Read Article<\/span>\n        <span class=\"pt\">Leia o artigo<\/span>\n    <\/a><\/div><\/div><div><div><p class=\"category_home_feed\"><\/p><\/div><div><a href=\"https:\/\/blog.lacnic.net\/pt-br\/\/fragmentacao-ipv6\"\n        title=\"Como evitar a fragmenta\u00e7\u00e3o do espa\u00e7o de nomes em ambientes IPv4\/IPv6\">\n            <figure class=\"post_image\"> <img decoding=\"async\" \n                src=\"https:\/\/blog.lacnic.net\/wp-content\/uploads\/2026\/03\/fragmentacion-ipv6-dns.jpg\"\n                alt=\"Como evitar a fragmenta\u00e7\u00e3o do espa\u00e7o de nomes em ambientes IPv4\/IPv6\" \n                class=\"lcp_thumbnail wp-post-image\" \n                width=\"680\" height=\"330\" \n            \/>\n            <\/figure>\n        <\/a><p class=\"post_date\">  13\/03\/2026<\/p><div class=\"post-tags\"><a href=\"https:\/\/blog.lacnic.net\/pt-br\/tag\/ipv6\/\">IPv6<\/a><\/div><\/div><div><h2>\n        <a href=\"https:\/\/blog.lacnic.net\/pt-br\/\/fragmentacao-ipv6\">Como evitar a fragmenta\u00e7\u00e3o do espa\u00e7o de nomes em ambientes IPv4\/IPv6<\/a>\n    <\/h2><p class=\"post_author\"><span class=\"es\">Por:<\/span> <span class=\"en\">By:<\/span><span class=\"pt\">Por:<\/span>&nbsp;Alejandro Acosta<span class=\"comma\">,<\/span><span class=\"es\">Por:<\/span> <span class=\"en\">By:<\/span><span class=\"pt\">Por:<\/span>&nbsp;Hugo Salgado<span class=\"comma\">,<\/span><\/p><a href=\"https:\/\/blog.lacnic.net\/pt-br\/\/fragmentacao-ipv6\" class=\"post_url\">\n        <span class=\"es\">Leer art\u00edculo<\/span>\n        <span class=\"en\">Read Article<\/span>\n        <span class=\"pt\">Leia o artigo<\/span>\n    <\/a><\/div><\/div><\/div><ul class='lcp_paginator'><li class='lcp_currentpage'>1<\/li><li><a href='https:\/\/blog.lacnic.net\/pt-br\/wp-json\/wp\/v2\/pages\/12870?lcp_page1=2#lcp_instance_1' title='2'>2<\/a><\/li><li><a href='https:\/\/blog.lacnic.net\/pt-br\/wp-json\/wp\/v2\/pages\/12870?lcp_page1=3#lcp_instance_1' title='3'>3<\/a><\/li><li><a href='https:\/\/blog.lacnic.net\/pt-br\/wp-json\/wp\/v2\/pages\/12870?lcp_page1=4#lcp_instance_1' title='4'>4<\/a><\/li><li><a href='https:\/\/blog.lacnic.net\/pt-br\/wp-json\/wp\/v2\/pages\/12870?lcp_page1=5#lcp_instance_1' title='5'>5<\/a><\/li><li><a href='https:\/\/blog.lacnic.net\/pt-br\/wp-json\/wp\/v2\/pages\/12870?lcp_page1=6#lcp_instance_1' title='6'>6<\/a><\/li><span class='lcp_elipsis'>...<\/span><li><a href='https:\/\/blog.lacnic.net\/pt-br\/wp-json\/wp\/v2\/pages\/12870?lcp_page1=116#lcp_instance_1' title='116'>116<\/a><\/li><li><a href='https:\/\/blog.lacnic.net\/pt-br\/wp-json\/wp\/v2\/pages\/12870?lcp_page1=2#lcp_instance_1' title='2' class='lcp_nextlink'>&gt;&gt;<\/a><\/li><\/ul>\n","protected":false},"excerpt":{"rendered":"","protected":false},"author":6,"featured_media":0,"parent":0,"menu_order":0,"comment_status":"closed","ping_status":"closed","template":"","meta":{"_acf_changed":false,"footnotes":""},"class_list":["post-12870","page","type-page","status-publish","hentry"],"acf":[],"yoast_head":"<!-- This site is optimized with the Yoast SEO plugin v27.0 - https:\/\/yoast.com\/product\/yoast-seo-wordpress\/ -->\n<title>LACNIC Blog | Edi\u00e7\u00f5es anteriores<\/title>\n<meta name=\"robots\" content=\"index, follow, max-snippet:-1, max-image-preview:large, max-video-preview:-1\" \/>\n<link rel=\"canonical\" href=\"https:\/\/blog.lacnic.net\/pt-br\/edicoes-anteriores\/\" \/>\n<meta property=\"og:locale\" content=\"pt_BR\" \/>\n<meta property=\"og:type\" content=\"article\" \/>\n<meta property=\"og:title\" content=\"LACNIC Blog | Edi\u00e7\u00f5es anteriores\" \/>\n<meta property=\"og:url\" content=\"https:\/\/blog.lacnic.net\/pt-br\/edicoes-anteriores\/\" \/>\n<meta property=\"og:site_name\" content=\"LACNIC Blog\" \/>\n<meta property=\"article:publisher\" content=\"https:\/\/facebook.com\/lacnic\" \/>\n<meta property=\"article:modified_time\" content=\"2022-10-17T14:22:02+00:00\" \/>\n<meta name=\"twitter:card\" content=\"summary_large_image\" \/>\n<meta name=\"twitter:site\" content=\"@lacnic\" \/>\n<script type=\"application\/ld+json\" class=\"yoast-schema-graph\">{\"@context\":\"https:\/\/schema.org\",\"@graph\":[{\"@type\":\"WebPage\",\"@id\":\"https:\/\/blog.lacnic.net\/pt-br\/edicoes-anteriores\/\",\"url\":\"https:\/\/blog.lacnic.net\/pt-br\/edicoes-anteriores\/\",\"name\":\"LACNIC Blog | Edi\u00e7\u00f5es anteriores\",\"isPartOf\":{\"@id\":\"https:\/\/blog.lacnic.net\/#website\"},\"datePublished\":\"2020-03-30T13:31:23+00:00\",\"dateModified\":\"2022-10-17T14:22:02+00:00\",\"breadcrumb\":{\"@id\":\"https:\/\/blog.lacnic.net\/pt-br\/edicoes-anteriores\/#breadcrumb\"},\"inLanguage\":\"pt-BR\",\"potentialAction\":[{\"@type\":\"ReadAction\",\"target\":[\"https:\/\/blog.lacnic.net\/pt-br\/edicoes-anteriores\/\"]}]},{\"@type\":\"BreadcrumbList\",\"@id\":\"https:\/\/blog.lacnic.net\/pt-br\/edicoes-anteriores\/#breadcrumb\",\"itemListElement\":[{\"@type\":\"ListItem\",\"position\":1,\"name\":\"Portada\",\"item\":\"https:\/\/blog.lacnic.net\/pt-br\/\"},{\"@type\":\"ListItem\",\"position\":2,\"name\":\"Edi\u00e7\u00f5es anteriores\"}]},{\"@type\":\"WebSite\",\"@id\":\"https:\/\/blog.lacnic.net\/#website\",\"url\":\"https:\/\/blog.lacnic.net\/\",\"name\":\"LACNIC Blog\",\"description\":\"LACNIC Internet Community Newsletter\",\"publisher\":{\"@id\":\"https:\/\/blog.lacnic.net\/#organization\"},\"potentialAction\":[{\"@type\":\"SearchAction\",\"target\":{\"@type\":\"EntryPoint\",\"urlTemplate\":\"https:\/\/blog.lacnic.net\/?s={search_term_string}\"},\"query-input\":{\"@type\":\"PropertyValueSpecification\",\"valueRequired\":true,\"valueName\":\"search_term_string\"}}],\"inLanguage\":\"pt-BR\"},{\"@type\":\"Organization\",\"@id\":\"https:\/\/blog.lacnic.net\/#organization\",\"name\":\"LACNIC Blog\",\"url\":\"https:\/\/blog.lacnic.net\/\",\"logo\":{\"@type\":\"ImageObject\",\"inLanguage\":\"pt-BR\",\"@id\":\"https:\/\/blog.lacnic.net\/#\/schema\/logo\/image\/\",\"url\":\"https:\/\/blog.lacnic.net\/wp-content\/uploads\/2023\/03\/lacnic-blog.svg\",\"contentUrl\":\"https:\/\/blog.lacnic.net\/wp-content\/uploads\/2023\/03\/lacnic-blog.svg\",\"caption\":\"LACNIC Blog\"},\"image\":{\"@id\":\"https:\/\/blog.lacnic.net\/#\/schema\/logo\/image\/\"},\"sameAs\":[\"https:\/\/facebook.com\/lacnic\",\"https:\/\/x.com\/lacnic\",\"https:\/\/www.instagram.com\/lacnic\/?hl=es-la\",\"https:\/\/uy.linkedin.com\/company\/lacnic\",\"https:\/\/www.youtube.com\/user\/lacnicstaff\",\"https:\/\/www.lacnic.net\/podcast\"]}]}<\/script>\n<!-- \/ Yoast SEO plugin. -->","yoast_head_json":{"title":"LACNIC Blog | Edi\u00e7\u00f5es anteriores","robots":{"index":"index","follow":"follow","max-snippet":"max-snippet:-1","max-image-preview":"max-image-preview:large","max-video-preview":"max-video-preview:-1"},"canonical":"https:\/\/blog.lacnic.net\/pt-br\/edicoes-anteriores\/","og_locale":"pt_BR","og_type":"article","og_title":"LACNIC Blog | Edi\u00e7\u00f5es anteriores","og_url":"https:\/\/blog.lacnic.net\/pt-br\/edicoes-anteriores\/","og_site_name":"LACNIC Blog","article_publisher":"https:\/\/facebook.com\/lacnic","article_modified_time":"2022-10-17T14:22:02+00:00","twitter_card":"summary_large_image","twitter_site":"@lacnic","schema":{"@context":"https:\/\/schema.org","@graph":[{"@type":"WebPage","@id":"https:\/\/blog.lacnic.net\/pt-br\/edicoes-anteriores\/","url":"https:\/\/blog.lacnic.net\/pt-br\/edicoes-anteriores\/","name":"LACNIC Blog | Edi\u00e7\u00f5es anteriores","isPartOf":{"@id":"https:\/\/blog.lacnic.net\/#website"},"datePublished":"2020-03-30T13:31:23+00:00","dateModified":"2022-10-17T14:22:02+00:00","breadcrumb":{"@id":"https:\/\/blog.lacnic.net\/pt-br\/edicoes-anteriores\/#breadcrumb"},"inLanguage":"pt-BR","potentialAction":[{"@type":"ReadAction","target":["https:\/\/blog.lacnic.net\/pt-br\/edicoes-anteriores\/"]}]},{"@type":"BreadcrumbList","@id":"https:\/\/blog.lacnic.net\/pt-br\/edicoes-anteriores\/#breadcrumb","itemListElement":[{"@type":"ListItem","position":1,"name":"Portada","item":"https:\/\/blog.lacnic.net\/pt-br\/"},{"@type":"ListItem","position":2,"name":"Edi\u00e7\u00f5es anteriores"}]},{"@type":"WebSite","@id":"https:\/\/blog.lacnic.net\/#website","url":"https:\/\/blog.lacnic.net\/","name":"LACNIC Blog","description":"LACNIC Internet Community Newsletter","publisher":{"@id":"https:\/\/blog.lacnic.net\/#organization"},"potentialAction":[{"@type":"SearchAction","target":{"@type":"EntryPoint","urlTemplate":"https:\/\/blog.lacnic.net\/?s={search_term_string}"},"query-input":{"@type":"PropertyValueSpecification","valueRequired":true,"valueName":"search_term_string"}}],"inLanguage":"pt-BR"},{"@type":"Organization","@id":"https:\/\/blog.lacnic.net\/#organization","name":"LACNIC Blog","url":"https:\/\/blog.lacnic.net\/","logo":{"@type":"ImageObject","inLanguage":"pt-BR","@id":"https:\/\/blog.lacnic.net\/#\/schema\/logo\/image\/","url":"https:\/\/blog.lacnic.net\/wp-content\/uploads\/2023\/03\/lacnic-blog.svg","contentUrl":"https:\/\/blog.lacnic.net\/wp-content\/uploads\/2023\/03\/lacnic-blog.svg","caption":"LACNIC Blog"},"image":{"@id":"https:\/\/blog.lacnic.net\/#\/schema\/logo\/image\/"},"sameAs":["https:\/\/facebook.com\/lacnic","https:\/\/x.com\/lacnic","https:\/\/www.instagram.com\/lacnic\/?hl=es-la","https:\/\/uy.linkedin.com\/company\/lacnic","https:\/\/www.youtube.com\/user\/lacnicstaff","https:\/\/www.lacnic.net\/podcast"]}]}},"jetpack_sharing_enabled":true,"wpml_current_locale":"pt_BR","wpml_translations":[{"locale":"es_ES","id":10465,"post_title":"Ediciones anteriores","slug":"ediciones","href":"https:\/\/blog.lacnic.net\/ediciones\/"},{"locale":"en_US","id":10472,"post_title":"Editions","slug":"editions","href":"https:\/\/blog.lacnic.net\/en\/editions\/"}],"_links":{"self":[{"href":"https:\/\/blog.lacnic.net\/pt-br\/wp-json\/wp\/v2\/pages\/12870","targetHints":{"allow":["GET"]}}],"collection":[{"href":"https:\/\/blog.lacnic.net\/pt-br\/wp-json\/wp\/v2\/pages"}],"about":[{"href":"https:\/\/blog.lacnic.net\/pt-br\/wp-json\/wp\/v2\/types\/page"}],"author":[{"embeddable":true,"href":"https:\/\/blog.lacnic.net\/pt-br\/wp-json\/wp\/v2\/users\/6"}],"replies":[{"embeddable":true,"href":"https:\/\/blog.lacnic.net\/pt-br\/wp-json\/wp\/v2\/comments?post=12870"}],"version-history":[{"count":9,"href":"https:\/\/blog.lacnic.net\/pt-br\/wp-json\/wp\/v2\/pages\/12870\/revisions"}],"predecessor-version":[{"id":19045,"href":"https:\/\/blog.lacnic.net\/pt-br\/wp-json\/wp\/v2\/pages\/12870\/revisions\/19045"}],"wp:attachment":[{"href":"https:\/\/blog.lacnic.net\/pt-br\/wp-json\/wp\/v2\/media?parent=12870"}],"curies":[{"name":"wp","href":"https:\/\/api.w.org\/{rel}","templated":true}]}}