{"id":24049,"date":"2024-01-11T13:26:20","date_gmt":"2024-01-11T13:26:20","guid":{"rendered":"https:\/\/blog.lacnic.net\/?page_id=24049"},"modified":"2025-10-29T15:32:58","modified_gmt":"2025-10-29T15:32:58","slug":"guidelines-for-lacnic-blog-contributors","status":"publish","type":"page","link":"https:\/\/blog.lacnic.net\/en\/guidelines-for-lacnic-blog-contributors\/","title":{"rendered":"Guidelines for LACNIC Blog Contributors\u00a0"},"content":{"rendered":"\n<h2 class=\"wp-block-heading\"><strong>Who reads LACNIC Blog?&nbsp;<\/strong><\/h2>\n\n\n\n<ul class=\"wp-block-list\">\n<li>LACNIC Members and the technical community: IT managers, regional network operators,&nbsp; software and hardware vendors, security solution providers, telecommunications&nbsp; organizations, and Internet service providers&nbsp;&nbsp;<\/li>\n\n\n\n<li>Government representatives&nbsp;<\/li>\n\n\n\n<li>Members of the regional academic community&nbsp;<\/li>\n\n\n\n<li>Media and other bloggers&nbsp;<\/li>\n\n\n\n<li>basically, anyone interested in LACNIC and the Internet&nbsp;<\/li>\n<\/ul>\n\n\n\n<h2 class=\"wp-block-heading\"><strong>Style&nbsp;<\/strong><\/h2>\n\n\n\n<ul class=\"wp-block-list\">\n<li>The tone should be conversational.&nbsp;<\/li>\n\n\n\n<li>Proper attribution of data, quotations, and other third-party content referenced in the article.&nbsp;<\/li>\n\n\n\n<li><strong>Article length: <\/strong>article length can range from 500 to 800 words.&nbsp;<\/li>\n\n\n\n<li>Try to use short paragraphs to make the article easier to read&nbsp;<\/li>\n\n\n\n<li>We suggest using images that add value to the written text&nbsp; (a landscape 72 dpi JPG. ) All images should be <span style=\"text-decoration: underline;\"><mark style=\"background-color:rgba(0, 0, 0, 0);color:#4b3be9\" class=\"has-inline-color\">attributed and credited<\/mark><\/span>.<\/li>\n\n\n\n<li>LACNIC News does not promote commercial products or services.<\/li>\n\n\n\n<li>LACNIC Blog does not promote commercial products or services. Articles that reference&nbsp; products or tools developed for the good of the community that are open source or freely&nbsp; available are accepted. Please don\u2019t be offended if we request changes or decline your article&nbsp; if it is commercially-driven.<\/li>\n<\/ul>\n\n\n\n<h2 class=\"wp-block-heading\"><strong>AI-Generated Content<\/strong><\/h2>\n\n\n\n<p>The LACNIC Blog features articles that reflect the diverse perspectives of our community. While AI can be useful for checking grammar and spelling, and even for providing creative inspiration, in order to preserve the authenticity of our content, we will not publish AI-generated articles.<\/p>\n\n\n\n<h2 class=\"wp-block-heading\"><strong>Link Requirements and Policies\u00a0<\/strong><\/h2>\n\n\n\n<ul class=\"wp-block-list\">\n<li>Feel free to link other articles published in LACNIC Blog and pages on other websites.&nbsp; Please note that we may add some internal links ourselves to provide the reader with more&nbsp; information.<\/li>\n<\/ul>\n\n\n\n<h2 class=\"wp-block-heading\"><strong>Submission&nbsp;<\/strong><\/h2>\n\n\n\n<ul><li>We will need a photograph of the author in portrait format, their position, and a link to their&nbsp; Linkedin profile.&nbsp;<\/li>\n<li>Send your article to <span class=\"email sendArticle\">comunicaciones [at] lacnic [.] net<\/span>. The LACNIC Communications team may\u00a0 edit your article for clarity and consistency. If we do, we will discuss this with\u00a0 you before publishing the article to make sure you approve.<\/li><\/ul>\n\n\n\n<p>The communications team reserves the right to decide whether the article will be translated into other languages, depending on the length of the text and its relevance.<\/p>\n\n\n\n<button class=\"buttons button_blue sendArticle\" data-email=\"comunicaciones[at]lacnic[.]net\">Send article<\/button>\n","protected":false},"excerpt":{"rendered":"<p>Who reads LACNIC Blog?&nbsp; Style&nbsp; AI-Generated Content The LACNIC Blog features articles that reflect the diverse perspectives of our community. While AI can be useful for checking grammar and spelling, and even for providing creative inspiration, in order to preserve the authenticity of our content, we will not publish AI-generated articles. Link Requirements and Policies\u00a0 [&hellip;]<\/p>\n","protected":false},"author":6,"featured_media":0,"parent":0,"menu_order":0,"comment_status":"closed","ping_status":"closed","template":"","meta":{"_acf_changed":false,"footnotes":""},"class_list":["post-24049","page","type-page","status-publish","hentry"],"acf":[],"yoast_head":"<!-- This site is optimized with the Yoast SEO plugin v27.0 - https:\/\/yoast.com\/product\/yoast-seo-wordpress\/ -->\n<title>Article for LACNIC Blog<\/title>\n<meta name=\"robots\" content=\"index, follow, max-snippet:-1, max-image-preview:large, max-video-preview:-1\" \/>\n<link rel=\"canonical\" href=\"https:\/\/blog.lacnic.net\/en\/guidelines-for-lacnic-blog-contributors\/\" \/>\n<meta property=\"og:locale\" content=\"en_US\" \/>\n<meta property=\"og:type\" content=\"article\" \/>\n<meta property=\"og:title\" content=\"Article for LACNIC Blog\" \/>\n<meta property=\"og:description\" content=\"Who reads LACNIC Blog?&nbsp; Style&nbsp; AI-Generated Content The LACNIC Blog features articles that reflect the diverse perspectives of our community. While AI can be useful for checking grammar and spelling, and even for providing creative inspiration, in order to preserve the authenticity of our content, we will not publish AI-generated articles. Link Requirements and Policies\u00a0 [&hellip;]\" \/>\n<meta property=\"og:url\" content=\"https:\/\/blog.lacnic.net\/en\/guidelines-for-lacnic-blog-contributors\/\" \/>\n<meta property=\"og:site_name\" content=\"LACNIC Blog\" \/>\n<meta property=\"article:publisher\" content=\"https:\/\/facebook.com\/lacnic\" \/>\n<meta property=\"article:modified_time\" content=\"2025-10-29T15:32:58+00:00\" \/>\n<meta name=\"twitter:card\" content=\"summary_large_image\" \/>\n<meta name=\"twitter:site\" content=\"@lacnic\" \/>\n<script type=\"application\/ld+json\" class=\"yoast-schema-graph\">{\"@context\":\"https:\/\/schema.org\",\"@graph\":[{\"@type\":\"WebPage\",\"@id\":\"https:\/\/blog.lacnic.net\/en\/guidelines-for-lacnic-blog-contributors\/\",\"url\":\"https:\/\/blog.lacnic.net\/en\/guidelines-for-lacnic-blog-contributors\/\",\"name\":\"Article for LACNIC Blog\",\"isPartOf\":{\"@id\":\"https:\/\/blog.lacnic.net\/#website\"},\"datePublished\":\"2024-01-11T13:26:20+00:00\",\"dateModified\":\"2025-10-29T15:32:58+00:00\",\"breadcrumb\":{\"@id\":\"https:\/\/blog.lacnic.net\/en\/guidelines-for-lacnic-blog-contributors\/#breadcrumb\"},\"inLanguage\":\"en-US\",\"potentialAction\":[{\"@type\":\"ReadAction\",\"target\":[\"https:\/\/blog.lacnic.net\/en\/guidelines-for-lacnic-blog-contributors\/\"]}]},{\"@type\":\"BreadcrumbList\",\"@id\":\"https:\/\/blog.lacnic.net\/en\/guidelines-for-lacnic-blog-contributors\/#breadcrumb\",\"itemListElement\":[{\"@type\":\"ListItem\",\"position\":1,\"name\":\"Portada\",\"item\":\"https:\/\/blog.lacnic.net\/en\/\"},{\"@type\":\"ListItem\",\"position\":2,\"name\":\"Guidelines for LACNIC Blog Contributors\u00a0\"}]},{\"@type\":\"WebSite\",\"@id\":\"https:\/\/blog.lacnic.net\/#website\",\"url\":\"https:\/\/blog.lacnic.net\/\",\"name\":\"LACNIC Blog\",\"description\":\"En el Blog de LACNIC encontrar\u00e1s art\u00edculos t\u00e9cnicos vinculados al desarrollo de Internet en la regi\u00f3n de Am\u00e9rica Latina y el Caribe.\",\"publisher\":{\"@id\":\"https:\/\/blog.lacnic.net\/#organization\"},\"potentialAction\":[{\"@type\":\"SearchAction\",\"target\":{\"@type\":\"EntryPoint\",\"urlTemplate\":\"https:\/\/blog.lacnic.net\/?s={search_term_string}\"},\"query-input\":{\"@type\":\"PropertyValueSpecification\",\"valueRequired\":true,\"valueName\":\"search_term_string\"}}],\"inLanguage\":\"en-US\"},{\"@type\":\"Organization\",\"@id\":\"https:\/\/blog.lacnic.net\/#organization\",\"name\":\"LACNIC Blog\",\"url\":\"https:\/\/blog.lacnic.net\/\",\"logo\":{\"@type\":\"ImageObject\",\"inLanguage\":\"en-US\",\"@id\":\"https:\/\/blog.lacnic.net\/#\/schema\/logo\/image\/\",\"url\":\"https:\/\/blog.lacnic.net\/wp-content\/uploads\/2023\/03\/lacnic-blog.svg\",\"contentUrl\":\"https:\/\/blog.lacnic.net\/wp-content\/uploads\/2023\/03\/lacnic-blog.svg\",\"caption\":\"LACNIC Blog\"},\"image\":{\"@id\":\"https:\/\/blog.lacnic.net\/#\/schema\/logo\/image\/\"},\"sameAs\":[\"https:\/\/facebook.com\/lacnic\",\"https:\/\/x.com\/lacnic\",\"https:\/\/www.instagram.com\/lacnic\/?hl=es-la\",\"https:\/\/uy.linkedin.com\/company\/lacnic\",\"https:\/\/www.youtube.com\/user\/lacnicstaff\",\"https:\/\/www.lacnic.net\/podcast\"]}]}<\/script>\n<!-- \/ Yoast SEO plugin. -->","yoast_head_json":{"title":"Article for LACNIC Blog","robots":{"index":"index","follow":"follow","max-snippet":"max-snippet:-1","max-image-preview":"max-image-preview:large","max-video-preview":"max-video-preview:-1"},"canonical":"https:\/\/blog.lacnic.net\/en\/guidelines-for-lacnic-blog-contributors\/","og_locale":"en_US","og_type":"article","og_title":"Article for LACNIC Blog","og_description":"Who reads LACNIC Blog?&nbsp; Style&nbsp; AI-Generated Content The LACNIC Blog features articles that reflect the diverse perspectives of our community. While AI can be useful for checking grammar and spelling, and even for providing creative inspiration, in order to preserve the authenticity of our content, we will not publish AI-generated articles. Link Requirements and Policies\u00a0 [&hellip;]","og_url":"https:\/\/blog.lacnic.net\/en\/guidelines-for-lacnic-blog-contributors\/","og_site_name":"LACNIC Blog","article_publisher":"https:\/\/facebook.com\/lacnic","article_modified_time":"2025-10-29T15:32:58+00:00","twitter_card":"summary_large_image","twitter_site":"@lacnic","schema":{"@context":"https:\/\/schema.org","@graph":[{"@type":"WebPage","@id":"https:\/\/blog.lacnic.net\/en\/guidelines-for-lacnic-blog-contributors\/","url":"https:\/\/blog.lacnic.net\/en\/guidelines-for-lacnic-blog-contributors\/","name":"Article for LACNIC Blog","isPartOf":{"@id":"https:\/\/blog.lacnic.net\/#website"},"datePublished":"2024-01-11T13:26:20+00:00","dateModified":"2025-10-29T15:32:58+00:00","breadcrumb":{"@id":"https:\/\/blog.lacnic.net\/en\/guidelines-for-lacnic-blog-contributors\/#breadcrumb"},"inLanguage":"en-US","potentialAction":[{"@type":"ReadAction","target":["https:\/\/blog.lacnic.net\/en\/guidelines-for-lacnic-blog-contributors\/"]}]},{"@type":"BreadcrumbList","@id":"https:\/\/blog.lacnic.net\/en\/guidelines-for-lacnic-blog-contributors\/#breadcrumb","itemListElement":[{"@type":"ListItem","position":1,"name":"Portada","item":"https:\/\/blog.lacnic.net\/en\/"},{"@type":"ListItem","position":2,"name":"Guidelines for LACNIC Blog Contributors\u00a0"}]},{"@type":"WebSite","@id":"https:\/\/blog.lacnic.net\/#website","url":"https:\/\/blog.lacnic.net\/","name":"LACNIC Blog","description":"En el Blog de LACNIC encontrar\u00e1s art\u00edculos t\u00e9cnicos vinculados al desarrollo de Internet en la regi\u00f3n de Am\u00e9rica Latina y el Caribe.","publisher":{"@id":"https:\/\/blog.lacnic.net\/#organization"},"potentialAction":[{"@type":"SearchAction","target":{"@type":"EntryPoint","urlTemplate":"https:\/\/blog.lacnic.net\/?s={search_term_string}"},"query-input":{"@type":"PropertyValueSpecification","valueRequired":true,"valueName":"search_term_string"}}],"inLanguage":"en-US"},{"@type":"Organization","@id":"https:\/\/blog.lacnic.net\/#organization","name":"LACNIC Blog","url":"https:\/\/blog.lacnic.net\/","logo":{"@type":"ImageObject","inLanguage":"en-US","@id":"https:\/\/blog.lacnic.net\/#\/schema\/logo\/image\/","url":"https:\/\/blog.lacnic.net\/wp-content\/uploads\/2023\/03\/lacnic-blog.svg","contentUrl":"https:\/\/blog.lacnic.net\/wp-content\/uploads\/2023\/03\/lacnic-blog.svg","caption":"LACNIC Blog"},"image":{"@id":"https:\/\/blog.lacnic.net\/#\/schema\/logo\/image\/"},"sameAs":["https:\/\/facebook.com\/lacnic","https:\/\/x.com\/lacnic","https:\/\/www.instagram.com\/lacnic\/?hl=es-la","https:\/\/uy.linkedin.com\/company\/lacnic","https:\/\/www.youtube.com\/user\/lacnicstaff","https:\/\/www.lacnic.net\/podcast"]}]}},"jetpack_sharing_enabled":true,"wpml_current_locale":"en_US","wpml_translations":[{"locale":"es_ES","id":24036,"post_title":"C\u00f3mo colaborar con un art\u00edculo","slug":"como-colaborar-con-un-articulo","href":"https:\/\/blog.lacnic.net\/como-colaborar-con-un-articulo\/"},{"locale":"pt_BR","id":24057,"post_title":"Diretrizes para contribuir com um artigo","slug":"diretrizes-para-contribuir-com-um-artigo","href":"https:\/\/blog.lacnic.net\/pt-br\/diretrizes-para-contribuir-com-um-artigo\/"}],"_links":{"self":[{"href":"https:\/\/blog.lacnic.net\/en\/wp-json\/wp\/v2\/pages\/24049","targetHints":{"allow":["GET"]}}],"collection":[{"href":"https:\/\/blog.lacnic.net\/en\/wp-json\/wp\/v2\/pages"}],"about":[{"href":"https:\/\/blog.lacnic.net\/en\/wp-json\/wp\/v2\/types\/page"}],"author":[{"embeddable":true,"href":"https:\/\/blog.lacnic.net\/en\/wp-json\/wp\/v2\/users\/6"}],"replies":[{"embeddable":true,"href":"https:\/\/blog.lacnic.net\/en\/wp-json\/wp\/v2\/comments?post=24049"}],"version-history":[{"count":10,"href":"https:\/\/blog.lacnic.net\/en\/wp-json\/wp\/v2\/pages\/24049\/revisions"}],"predecessor-version":[{"id":31557,"href":"https:\/\/blog.lacnic.net\/en\/wp-json\/wp\/v2\/pages\/24049\/revisions\/31557"}],"wp:attachment":[{"href":"https:\/\/blog.lacnic.net\/en\/wp-json\/wp\/v2\/media?parent=24049"}],"curies":[{"name":"wp","href":"https:\/\/api.w.org\/{rel}","templated":true}]}}