{"id":23598,"date":"2023-11-27T15:36:57","date_gmt":"2023-11-27T15:36:57","guid":{"rendered":"https:\/\/blog.lacnic.net\/?page_id=23598"},"modified":"2023-11-27T15:36:58","modified_gmt":"2023-11-27T15:36:58","slug":"welcome","status":"publish","type":"page","link":"https:\/\/blog.lacnic.net\/en\/welcome\/","title":{"rendered":"Welcome"},"content":{"rendered":"\n<p>Your subscription has been confirmed and you have been added to our list.<\/p>\n\n\n\n<p>LACNIC Communications.<\/p>\n","protected":false},"excerpt":{"rendered":"<p>Your subscription has been confirmed and you have been added to our list. LACNIC Communications.<\/p>\n","protected":false},"author":6,"featured_media":0,"parent":0,"menu_order":0,"comment_status":"closed","ping_status":"open","template":"","meta":{"_acf_changed":false,"footnotes":""},"class_list":["post-23598","page","type-page","status-publish","hentry"],"acf":[],"yoast_head":"<!-- This site is optimized with the Yoast SEO plugin v27.0 - https:\/\/yoast.com\/product\/yoast-seo-wordpress\/ -->\n<title>LACNIC Blog | Welcome<\/title>\n<meta name=\"robots\" content=\"index, follow, max-snippet:-1, max-image-preview:large, max-video-preview:-1\" \/>\n<link rel=\"canonical\" href=\"https:\/\/blog.lacnic.net\/en\/welcome\/\" \/>\n<meta property=\"og:locale\" content=\"en_US\" \/>\n<meta property=\"og:type\" content=\"article\" \/>\n<meta property=\"og:title\" content=\"LACNIC Blog | Welcome\" \/>\n<meta property=\"og:description\" content=\"Your subscription has been confirmed and you have been added to our list. LACNIC Communications.\" \/>\n<meta property=\"og:url\" content=\"https:\/\/blog.lacnic.net\/en\/welcome\/\" \/>\n<meta property=\"og:site_name\" content=\"LACNIC Blog\" \/>\n<meta property=\"article:publisher\" content=\"https:\/\/facebook.com\/lacnic\" \/>\n<meta property=\"article:modified_time\" content=\"2023-11-27T15:36:58+00:00\" \/>\n<meta name=\"twitter:card\" content=\"summary_large_image\" \/>\n<meta name=\"twitter:site\" content=\"@lacnic\" \/>\n<script type=\"application\/ld+json\" class=\"yoast-schema-graph\">{\"@context\":\"https:\/\/schema.org\",\"@graph\":[{\"@type\":\"WebPage\",\"@id\":\"https:\/\/blog.lacnic.net\/en\/welcome\/\",\"url\":\"https:\/\/blog.lacnic.net\/en\/welcome\/\",\"name\":\"LACNIC Blog | Welcome\",\"isPartOf\":{\"@id\":\"https:\/\/blog.lacnic.net\/#website\"},\"datePublished\":\"2023-11-27T15:36:57+00:00\",\"dateModified\":\"2023-11-27T15:36:58+00:00\",\"breadcrumb\":{\"@id\":\"https:\/\/blog.lacnic.net\/en\/welcome\/#breadcrumb\"},\"inLanguage\":\"en-US\",\"potentialAction\":[{\"@type\":\"ReadAction\",\"target\":[\"https:\/\/blog.lacnic.net\/en\/welcome\/\"]}]},{\"@type\":\"BreadcrumbList\",\"@id\":\"https:\/\/blog.lacnic.net\/en\/welcome\/#breadcrumb\",\"itemListElement\":[{\"@type\":\"ListItem\",\"position\":1,\"name\":\"Portada\",\"item\":\"https:\/\/blog.lacnic.net\/en\/\"},{\"@type\":\"ListItem\",\"position\":2,\"name\":\"Welcome\"}]},{\"@type\":\"WebSite\",\"@id\":\"https:\/\/blog.lacnic.net\/#website\",\"url\":\"https:\/\/blog.lacnic.net\/\",\"name\":\"LACNIC Blog\",\"description\":\"En el Blog de LACNIC encontrar\u00e1s art\u00edculos t\u00e9cnicos vinculados al desarrollo de Internet en la regi\u00f3n de Am\u00e9rica Latina y el Caribe.\",\"publisher\":{\"@id\":\"https:\/\/blog.lacnic.net\/#organization\"},\"potentialAction\":[{\"@type\":\"SearchAction\",\"target\":{\"@type\":\"EntryPoint\",\"urlTemplate\":\"https:\/\/blog.lacnic.net\/?s={search_term_string}\"},\"query-input\":{\"@type\":\"PropertyValueSpecification\",\"valueRequired\":true,\"valueName\":\"search_term_string\"}}],\"inLanguage\":\"en-US\"},{\"@type\":\"Organization\",\"@id\":\"https:\/\/blog.lacnic.net\/#organization\",\"name\":\"LACNIC Blog\",\"url\":\"https:\/\/blog.lacnic.net\/\",\"logo\":{\"@type\":\"ImageObject\",\"inLanguage\":\"en-US\",\"@id\":\"https:\/\/blog.lacnic.net\/#\/schema\/logo\/image\/\",\"url\":\"https:\/\/blog.lacnic.net\/wp-content\/uploads\/2023\/03\/lacnic-blog.svg\",\"contentUrl\":\"https:\/\/blog.lacnic.net\/wp-content\/uploads\/2023\/03\/lacnic-blog.svg\",\"caption\":\"LACNIC Blog\"},\"image\":{\"@id\":\"https:\/\/blog.lacnic.net\/#\/schema\/logo\/image\/\"},\"sameAs\":[\"https:\/\/facebook.com\/lacnic\",\"https:\/\/x.com\/lacnic\",\"https:\/\/www.instagram.com\/lacnic\/?hl=es-la\",\"https:\/\/uy.linkedin.com\/company\/lacnic\",\"https:\/\/www.youtube.com\/user\/lacnicstaff\",\"https:\/\/www.lacnic.net\/podcast\"]}]}<\/script>\n<!-- \/ Yoast SEO plugin. -->","yoast_head_json":{"title":"LACNIC Blog | Welcome","robots":{"index":"index","follow":"follow","max-snippet":"max-snippet:-1","max-image-preview":"max-image-preview:large","max-video-preview":"max-video-preview:-1"},"canonical":"https:\/\/blog.lacnic.net\/en\/welcome\/","og_locale":"en_US","og_type":"article","og_title":"LACNIC Blog | Welcome","og_description":"Your subscription has been confirmed and you have been added to our list. LACNIC Communications.","og_url":"https:\/\/blog.lacnic.net\/en\/welcome\/","og_site_name":"LACNIC Blog","article_publisher":"https:\/\/facebook.com\/lacnic","article_modified_time":"2023-11-27T15:36:58+00:00","twitter_card":"summary_large_image","twitter_site":"@lacnic","schema":{"@context":"https:\/\/schema.org","@graph":[{"@type":"WebPage","@id":"https:\/\/blog.lacnic.net\/en\/welcome\/","url":"https:\/\/blog.lacnic.net\/en\/welcome\/","name":"LACNIC Blog | Welcome","isPartOf":{"@id":"https:\/\/blog.lacnic.net\/#website"},"datePublished":"2023-11-27T15:36:57+00:00","dateModified":"2023-11-27T15:36:58+00:00","breadcrumb":{"@id":"https:\/\/blog.lacnic.net\/en\/welcome\/#breadcrumb"},"inLanguage":"en-US","potentialAction":[{"@type":"ReadAction","target":["https:\/\/blog.lacnic.net\/en\/welcome\/"]}]},{"@type":"BreadcrumbList","@id":"https:\/\/blog.lacnic.net\/en\/welcome\/#breadcrumb","itemListElement":[{"@type":"ListItem","position":1,"name":"Portada","item":"https:\/\/blog.lacnic.net\/en\/"},{"@type":"ListItem","position":2,"name":"Welcome"}]},{"@type":"WebSite","@id":"https:\/\/blog.lacnic.net\/#website","url":"https:\/\/blog.lacnic.net\/","name":"LACNIC Blog","description":"En el Blog de LACNIC encontrar\u00e1s art\u00edculos t\u00e9cnicos vinculados al desarrollo de Internet en la regi\u00f3n de Am\u00e9rica Latina y el Caribe.","publisher":{"@id":"https:\/\/blog.lacnic.net\/#organization"},"potentialAction":[{"@type":"SearchAction","target":{"@type":"EntryPoint","urlTemplate":"https:\/\/blog.lacnic.net\/?s={search_term_string}"},"query-input":{"@type":"PropertyValueSpecification","valueRequired":true,"valueName":"search_term_string"}}],"inLanguage":"en-US"},{"@type":"Organization","@id":"https:\/\/blog.lacnic.net\/#organization","name":"LACNIC Blog","url":"https:\/\/blog.lacnic.net\/","logo":{"@type":"ImageObject","inLanguage":"en-US","@id":"https:\/\/blog.lacnic.net\/#\/schema\/logo\/image\/","url":"https:\/\/blog.lacnic.net\/wp-content\/uploads\/2023\/03\/lacnic-blog.svg","contentUrl":"https:\/\/blog.lacnic.net\/wp-content\/uploads\/2023\/03\/lacnic-blog.svg","caption":"LACNIC Blog"},"image":{"@id":"https:\/\/blog.lacnic.net\/#\/schema\/logo\/image\/"},"sameAs":["https:\/\/facebook.com\/lacnic","https:\/\/x.com\/lacnic","https:\/\/www.instagram.com\/lacnic\/?hl=es-la","https:\/\/uy.linkedin.com\/company\/lacnic","https:\/\/www.youtube.com\/user\/lacnicstaff","https:\/\/www.lacnic.net\/podcast"]}]}},"jetpack_sharing_enabled":true,"wpml_current_locale":"en_US","wpml_translations":[{"locale":"es_ES","id":185,"post_title":"Bienvenido","slug":"bienvenido","href":"https:\/\/blog.lacnic.net\/bienvenido\/"},{"locale":"pt_BR","id":23600,"post_title":"Bem-vindo","slug":"bem-vindo","href":"https:\/\/blog.lacnic.net\/pt-br\/bem-vindo\/"}],"_links":{"self":[{"href":"https:\/\/blog.lacnic.net\/en\/wp-json\/wp\/v2\/pages\/23598","targetHints":{"allow":["GET"]}}],"collection":[{"href":"https:\/\/blog.lacnic.net\/en\/wp-json\/wp\/v2\/pages"}],"about":[{"href":"https:\/\/blog.lacnic.net\/en\/wp-json\/wp\/v2\/types\/page"}],"author":[{"embeddable":true,"href":"https:\/\/blog.lacnic.net\/en\/wp-json\/wp\/v2\/users\/6"}],"replies":[{"embeddable":true,"href":"https:\/\/blog.lacnic.net\/en\/wp-json\/wp\/v2\/comments?post=23598"}],"version-history":[{"count":1,"href":"https:\/\/blog.lacnic.net\/en\/wp-json\/wp\/v2\/pages\/23598\/revisions"}],"predecessor-version":[{"id":23599,"href":"https:\/\/blog.lacnic.net\/en\/wp-json\/wp\/v2\/pages\/23598\/revisions\/23599"}],"wp:attachment":[{"href":"https:\/\/blog.lacnic.net\/en\/wp-json\/wp\/v2\/media?parent=23598"}],"curies":[{"name":"wp","href":"https:\/\/api.w.org\/{rel}","templated":true}]}}