{"id":16947,"date":"2022-05-04T14:26:00","date_gmt":"2022-05-04T14:26:00","guid":{"rendered":"https:\/\/prensa.lacnic.net\/news?page_id=16947"},"modified":"2022-05-04T14:26:17","modified_gmt":"2022-05-04T14:26:17","slug":"search","status":"publish","type":"page","link":"https:\/\/blog.lacnic.net\/en\/search\/","title":{"rendered":"Search"},"content":{"rendered":"\n<form role=\"search\" method=\"get\" id=\"search-form\" action=\"https:\/\/blog.lacnic.net\/en\/\" >\n<label class=\"screen-reader-text\" for=\"s\"><\/label>\n<input type=\"search\" value=\"\" name=\"s\" id=\"insertar\" placeholder=\"Buscar \/ Search\" \/>\n<button type=\"submit\" id=\"searchsubmit\" value=\"Buscar \/ Search\" \/><i class=\"icon icon-search-solid\" aria-hidden=\"true\"><\/i><\/button>\n<input type=\"hidden\" name=\"id\" value=\"16942\" \/><input type=\"hidden\" name=\"post_type\" value=\"post\" \/><\/form>\n","protected":false},"excerpt":{"rendered":"","protected":false},"author":6,"featured_media":0,"parent":0,"menu_order":0,"comment_status":"closed","ping_status":"closed","template":"","meta":{"_acf_changed":false,"footnotes":""},"class_list":["post-16947","page","type-page","status-publish","hentry"],"acf":[],"yoast_head":"<!-- This site is optimized with the Yoast SEO plugin v27.0 - https:\/\/yoast.com\/product\/yoast-seo-wordpress\/ -->\n<title>LACNIC Blog | Search<\/title>\n<meta name=\"robots\" content=\"index, follow, max-snippet:-1, max-image-preview:large, max-video-preview:-1\" \/>\n<link rel=\"canonical\" href=\"https:\/\/blog.lacnic.net\/en\/search\/\" \/>\n<meta property=\"og:locale\" content=\"en_US\" \/>\n<meta property=\"og:type\" content=\"article\" \/>\n<meta property=\"og:title\" content=\"LACNIC Blog | Search\" \/>\n<meta property=\"og:url\" content=\"https:\/\/blog.lacnic.net\/en\/search\/\" \/>\n<meta property=\"og:site_name\" content=\"LACNIC Blog\" \/>\n<meta property=\"article:publisher\" content=\"https:\/\/facebook.com\/lacnic\" \/>\n<meta property=\"article:modified_time\" content=\"2022-05-04T14:26:17+00:00\" \/>\n<meta name=\"twitter:card\" content=\"summary_large_image\" \/>\n<meta name=\"twitter:site\" content=\"@lacnic\" \/>\n<script type=\"application\/ld+json\" class=\"yoast-schema-graph\">{\"@context\":\"https:\/\/schema.org\",\"@graph\":[{\"@type\":\"WebPage\",\"@id\":\"https:\/\/blog.lacnic.net\/en\/search\/\",\"url\":\"https:\/\/blog.lacnic.net\/en\/search\/\",\"name\":\"LACNIC Blog | Search\",\"isPartOf\":{\"@id\":\"https:\/\/blog.lacnic.net\/#website\"},\"datePublished\":\"2022-05-04T14:26:00+00:00\",\"dateModified\":\"2022-05-04T14:26:17+00:00\",\"breadcrumb\":{\"@id\":\"https:\/\/blog.lacnic.net\/en\/search\/#breadcrumb\"},\"inLanguage\":\"en-US\",\"potentialAction\":[{\"@type\":\"ReadAction\",\"target\":[\"https:\/\/blog.lacnic.net\/en\/search\/\"]}]},{\"@type\":\"BreadcrumbList\",\"@id\":\"https:\/\/blog.lacnic.net\/en\/search\/#breadcrumb\",\"itemListElement\":[{\"@type\":\"ListItem\",\"position\":1,\"name\":\"Portada\",\"item\":\"https:\/\/blog.lacnic.net\/en\/\"},{\"@type\":\"ListItem\",\"position\":2,\"name\":\"Search\"}]},{\"@type\":\"WebSite\",\"@id\":\"https:\/\/blog.lacnic.net\/#website\",\"url\":\"https:\/\/blog.lacnic.net\/\",\"name\":\"LACNIC Blog\",\"description\":\"En el Blog de LACNIC encontrar\u00e1s art\u00edculos t\u00e9cnicos vinculados al desarrollo de Internet en la regi\u00f3n de Am\u00e9rica Latina y el Caribe.\",\"publisher\":{\"@id\":\"https:\/\/blog.lacnic.net\/#organization\"},\"potentialAction\":[{\"@type\":\"SearchAction\",\"target\":{\"@type\":\"EntryPoint\",\"urlTemplate\":\"https:\/\/blog.lacnic.net\/?s={search_term_string}\"},\"query-input\":{\"@type\":\"PropertyValueSpecification\",\"valueRequired\":true,\"valueName\":\"search_term_string\"}}],\"inLanguage\":\"en-US\"},{\"@type\":\"Organization\",\"@id\":\"https:\/\/blog.lacnic.net\/#organization\",\"name\":\"LACNIC Blog\",\"url\":\"https:\/\/blog.lacnic.net\/\",\"logo\":{\"@type\":\"ImageObject\",\"inLanguage\":\"en-US\",\"@id\":\"https:\/\/blog.lacnic.net\/#\/schema\/logo\/image\/\",\"url\":\"https:\/\/blog.lacnic.net\/wp-content\/uploads\/2023\/03\/lacnic-blog.svg\",\"contentUrl\":\"https:\/\/blog.lacnic.net\/wp-content\/uploads\/2023\/03\/lacnic-blog.svg\",\"caption\":\"LACNIC Blog\"},\"image\":{\"@id\":\"https:\/\/blog.lacnic.net\/#\/schema\/logo\/image\/\"},\"sameAs\":[\"https:\/\/facebook.com\/lacnic\",\"https:\/\/x.com\/lacnic\",\"https:\/\/www.instagram.com\/lacnic\/?hl=es-la\",\"https:\/\/uy.linkedin.com\/company\/lacnic\",\"https:\/\/www.youtube.com\/user\/lacnicstaff\",\"https:\/\/www.lacnic.net\/podcast\"]}]}<\/script>\n<!-- \/ Yoast SEO plugin. -->","yoast_head_json":{"title":"LACNIC Blog | Search","robots":{"index":"index","follow":"follow","max-snippet":"max-snippet:-1","max-image-preview":"max-image-preview:large","max-video-preview":"max-video-preview:-1"},"canonical":"https:\/\/blog.lacnic.net\/en\/search\/","og_locale":"en_US","og_type":"article","og_title":"LACNIC Blog | Search","og_url":"https:\/\/blog.lacnic.net\/en\/search\/","og_site_name":"LACNIC Blog","article_publisher":"https:\/\/facebook.com\/lacnic","article_modified_time":"2022-05-04T14:26:17+00:00","twitter_card":"summary_large_image","twitter_site":"@lacnic","schema":{"@context":"https:\/\/schema.org","@graph":[{"@type":"WebPage","@id":"https:\/\/blog.lacnic.net\/en\/search\/","url":"https:\/\/blog.lacnic.net\/en\/search\/","name":"LACNIC Blog | Search","isPartOf":{"@id":"https:\/\/blog.lacnic.net\/#website"},"datePublished":"2022-05-04T14:26:00+00:00","dateModified":"2022-05-04T14:26:17+00:00","breadcrumb":{"@id":"https:\/\/blog.lacnic.net\/en\/search\/#breadcrumb"},"inLanguage":"en-US","potentialAction":[{"@type":"ReadAction","target":["https:\/\/blog.lacnic.net\/en\/search\/"]}]},{"@type":"BreadcrumbList","@id":"https:\/\/blog.lacnic.net\/en\/search\/#breadcrumb","itemListElement":[{"@type":"ListItem","position":1,"name":"Portada","item":"https:\/\/blog.lacnic.net\/en\/"},{"@type":"ListItem","position":2,"name":"Search"}]},{"@type":"WebSite","@id":"https:\/\/blog.lacnic.net\/#website","url":"https:\/\/blog.lacnic.net\/","name":"LACNIC Blog","description":"En el Blog de LACNIC encontrar\u00e1s art\u00edculos t\u00e9cnicos vinculados al desarrollo de Internet en la regi\u00f3n de Am\u00e9rica Latina y el Caribe.","publisher":{"@id":"https:\/\/blog.lacnic.net\/#organization"},"potentialAction":[{"@type":"SearchAction","target":{"@type":"EntryPoint","urlTemplate":"https:\/\/blog.lacnic.net\/?s={search_term_string}"},"query-input":{"@type":"PropertyValueSpecification","valueRequired":true,"valueName":"search_term_string"}}],"inLanguage":"en-US"},{"@type":"Organization","@id":"https:\/\/blog.lacnic.net\/#organization","name":"LACNIC Blog","url":"https:\/\/blog.lacnic.net\/","logo":{"@type":"ImageObject","inLanguage":"en-US","@id":"https:\/\/blog.lacnic.net\/#\/schema\/logo\/image\/","url":"https:\/\/blog.lacnic.net\/wp-content\/uploads\/2023\/03\/lacnic-blog.svg","contentUrl":"https:\/\/blog.lacnic.net\/wp-content\/uploads\/2023\/03\/lacnic-blog.svg","caption":"LACNIC Blog"},"image":{"@id":"https:\/\/blog.lacnic.net\/#\/schema\/logo\/image\/"},"sameAs":["https:\/\/facebook.com\/lacnic","https:\/\/x.com\/lacnic","https:\/\/www.instagram.com\/lacnic\/?hl=es-la","https:\/\/uy.linkedin.com\/company\/lacnic","https:\/\/www.youtube.com\/user\/lacnicstaff","https:\/\/www.lacnic.net\/podcast"]}]}},"jetpack_sharing_enabled":true,"wpml_current_locale":"en_US","wpml_translations":[{"locale":"es_ES","id":16945,"post_title":"Buscar","slug":"buscar","href":"https:\/\/blog.lacnic.net\/buscar\/"},{"locale":"pt_BR","id":16950,"post_title":"Pesquisar","slug":"pesquisar","href":"https:\/\/blog.lacnic.net\/pt-br\/pesquisar\/"}],"_links":{"self":[{"href":"https:\/\/blog.lacnic.net\/en\/wp-json\/wp\/v2\/pages\/16947","targetHints":{"allow":["GET"]}}],"collection":[{"href":"https:\/\/blog.lacnic.net\/en\/wp-json\/wp\/v2\/pages"}],"about":[{"href":"https:\/\/blog.lacnic.net\/en\/wp-json\/wp\/v2\/types\/page"}],"author":[{"embeddable":true,"href":"https:\/\/blog.lacnic.net\/en\/wp-json\/wp\/v2\/users\/6"}],"replies":[{"embeddable":true,"href":"https:\/\/blog.lacnic.net\/en\/wp-json\/wp\/v2\/comments?post=16947"}],"version-history":[{"count":2,"href":"https:\/\/blog.lacnic.net\/en\/wp-json\/wp\/v2\/pages\/16947\/revisions"}],"predecessor-version":[{"id":16949,"href":"https:\/\/blog.lacnic.net\/en\/wp-json\/wp\/v2\/pages\/16947\/revisions\/16949"}],"wp:attachment":[{"href":"https:\/\/blog.lacnic.net\/en\/wp-json\/wp\/v2\/media?parent=16947"}],"curies":[{"name":"wp","href":"https:\/\/api.w.org\/{rel}","templated":true}]}}