{"id":12911,"date":"2020-03-30T17:08:56","date_gmt":"2020-03-30T17:08:56","guid":{"rendered":"https:\/\/prensa.lacnic.net\/news?page_id=12911"},"modified":"2024-06-28T13:38:14","modified_gmt":"2024-06-28T13:38:14","slug":"subscribe","status":"publish","type":"page","link":"https:\/\/blog.lacnic.net\/en\/subscribe\/","title":{"rendered":"Subscribe"},"content":{"rendered":"\n<div>\n    <form class=\"js-cm-form\" id=\"subForm\" action=\"https:\/\/www.createsend.com\/t\/subscribeerror?description=\"\n        method=\"post\"\n        data-id=\"5B5E7037DA78A748374AD499497E309ECDC8859430426C759679EA92DE5A4EAC234E067CE0E7131B5F87776D14718239A516B991F8B454C6EFD8632C804DF4AD\">\n        <div>\n            <div><label>Email <\/label><input autocomplete=\"Email\" aria-label=\"Email\"\n                    class=\"js-cm-email-input qa-input-email\" id=\"fieldEmail\" maxlength=\"200\" name=\"cm-iddtkti-iddtkti\"\n                    required=\"\" type=\"email\"><\/div>\n        <\/div><button type=\"submit\">Subscribe<\/button>\n    <\/form>\n<\/div>\n<script type=\"text\/javascript\" src=\"https:\/\/js.createsend1.com\/javascript\/copypastesubscribeformlogic.js\"><\/script>\n\n\n\n<p><\/p>\n\n\n\n<h2 class=\"wp-block-heading\">Last News<\/h2>\n\n\n\n<div class=\"posts_list\"><div><div><p class=\"category_home_feed\"><\/p><\/div><div><a href=\"https:\/\/blog.lacnic.net\/en\/\/internet-legislation-digital-governance\"\n        title=\"Understanding the Internet for Better Legislation\">\n            <figure class=\"post_image\"> <img decoding=\"async\" \n                src=\"https:\/\/blog.lacnic.net\/wp-content\/uploads\/2026\/03\/gobernanza-internet-reunion-uruguay-2026.jpg\"\n                alt=\"Understanding the Internet for Better Legislation\" \n                class=\"lcp_thumbnail wp-post-image\" \n                width=\"680\" height=\"330\" \n            \/>\n            <\/figure>\n        <\/a><p class=\"post_date\">  31\/03\/2026<\/p><div class=\"post-tags\"><a href=\"https:\/\/blog.lacnic.net\/en\/tag\/public-policy\/\">Public Policy<\/a><\/div><\/div><div><h2>\n        <a href=\"https:\/\/blog.lacnic.net\/en\/\/internet-legislation-digital-governance\">Understanding the Internet for Better Legislation<\/a>\n    <\/h2><p class=\"post_author\"><span class=\"es\">Por:<\/span> <span class=\"en\">By:<\/span><span class=\"pt\">Por:<\/span>&nbsp;Paula Oteguy<\/p><a href=\"https:\/\/blog.lacnic.net\/en\/\/internet-legislation-digital-governance\" class=\"post_url\">\n        <span class=\"es\">Leer art\u00edculo<\/span>\n        <span class=\"en\">Read Article<\/span>\n        <span class=\"pt\">Leia o artigo<\/span>\n    <\/a><\/div><\/div><div><div><p class=\"category_home_feed\"><\/p><\/div><div><a href=\"https:\/\/blog.lacnic.net\/en\/\/rpki-vs-social-engineering-a-case-study-in-route-hijacking\"\n        title=\"RPKI vs social engineering: A case study in route hijacking\">\n            <figure class=\"post_image\"> <img decoding=\"async\" \n                src=\"https:\/\/blog.lacnic.net\/wp-content\/uploads\/2026\/03\/rpki-social-engineering-2026.jpg\"\n                alt=\"RPKI vs social engineering: A case study in route hijacking\" \n                class=\"lcp_thumbnail wp-post-image\" \n                width=\"680\" height=\"330\" \n            \/>\n            <\/figure>\n        <\/a><p class=\"post_date\">  24\/03\/2026<\/p><div class=\"post-tags\"><a href=\"https:\/\/blog.lacnic.net\/en\/tag\/routing\/\">Routing<\/a><\/div><\/div><div><h2>\n        <a href=\"https:\/\/blog.lacnic.net\/en\/\/rpki-vs-social-engineering-a-case-study-in-route-hijacking\">RPKI vs social engineering: A case study in route hijacking<\/a>\n    <\/h2><p class=\"post_author\"><span class=\"es\">Por:<\/span> <span class=\"en\">By:<\/span><span class=\"pt\">Por:<\/span>&nbsp;Carlos Mart\u00ednez<span class=\"comma\">,<\/span><span class=\"es\">Por:<\/span> <span class=\"en\">By:<\/span><span class=\"pt\">Por:<\/span>&nbsp;Sanjaya<span class=\"comma\">,<\/span><\/p><a href=\"https:\/\/blog.lacnic.net\/en\/\/rpki-vs-social-engineering-a-case-study-in-route-hijacking\" class=\"post_url\">\n        <span class=\"es\">Leer art\u00edculo<\/span>\n        <span class=\"en\">Read Article<\/span>\n        <span class=\"pt\">Leia o artigo<\/span>\n    <\/a><\/div><\/div><div><div><p class=\"category_home_feed\"><\/p><\/div><div><a href=\"https:\/\/blog.lacnic.net\/en\/\/rd-ambassadors-2026\"\n        title=\"R&#038;D Ambassadors Aligned with LACNIC&#8217;s Strategy\">\n            <figure class=\"post_image\"> <img decoding=\"async\" \n                src=\"https:\/\/blog.lacnic.net\/wp-content\/uploads\/2026\/03\/embajadores-2026.png\"\n                alt=\"R&#038;D Ambassadors Aligned with LACNIC&#8217;s Strategy\" \n                class=\"lcp_thumbnail wp-post-image\" \n                width=\"680\" height=\"330\" \n            \/>\n            <\/figure>\n        <\/a><p class=\"post_date\">  23\/03\/2026<\/p><div class=\"post-tags\"><a href=\"https:\/\/blog.lacnic.net\/en\/tag\/institutional\/\">Institutional<\/a><\/div><\/div><div><h2>\n        <a href=\"https:\/\/blog.lacnic.net\/en\/\/rd-ambassadors-2026\">R&#038;D Ambassadors Aligned with LACNIC&#8217;s Strategy<\/a>\n    <\/h2><a href=\"https:\/\/blog.lacnic.net\/en\/\/rd-ambassadors-2026\" class=\"post_url\">\n        <span class=\"es\">Leer art\u00edculo<\/span>\n        <span class=\"en\">Read Article<\/span>\n        <span class=\"pt\">Leia o artigo<\/span>\n    <\/a><\/div><\/div><div><div><p class=\"category_home_feed\"><\/p><\/div><div><a href=\"https:\/\/blog.lacnic.net\/en\/\/ipv6-mostly-frontier\"\n        title=\"IPv6-Mostly: The Final Frontier\">\n            <figure class=\"post_image\"> <img decoding=\"async\" \n                src=\"https:\/\/blog.lacnic.net\/wp-content\/uploads\/2026\/03\/ipv6-mostly-the-final-frontier.png\"\n                alt=\"IPv6-Mostly: The Final Frontier\" \n                class=\"lcp_thumbnail wp-post-image\" \n                width=\"680\" height=\"330\" \n            \/>\n            <\/figure>\n        <\/a><p class=\"post_date\">  17\/03\/2026<\/p><div class=\"post-tags\"><a href=\"https:\/\/blog.lacnic.net\/en\/tag\/ipv6\/\">IPv6<\/a><\/div><\/div><div><h2>\n        <a href=\"https:\/\/blog.lacnic.net\/en\/\/ipv6-mostly-frontier\">IPv6-Mostly: The Final Frontier<\/a>\n    <\/h2><p class=\"post_author\"><span class=\"es\">Por:<\/span> <span class=\"en\">By:<\/span><span class=\"pt\">Por:<\/span>&nbsp;Henri Alves de Godoy<\/p><a href=\"https:\/\/blog.lacnic.net\/en\/\/ipv6-mostly-frontier\" class=\"post_url\">\n        <span class=\"es\">Leer art\u00edculo<\/span>\n        <span class=\"en\">Read Article<\/span>\n        <span class=\"pt\">Leia o artigo<\/span>\n    <\/a><\/div><\/div><div><div><p class=\"category_home_feed\"><\/p><\/div><div><a href=\"https:\/\/blog.lacnic.net\/en\/\/fragmentation-ipv6\"\n        title=\"How to Avoid Name Space Fragmentation in IPv4\/IPv6 Environments\">\n            <figure class=\"post_image\"> <img decoding=\"async\" \n                src=\"https:\/\/blog.lacnic.net\/wp-content\/uploads\/2026\/03\/fragmentacion-ipv6-dns.jpg\"\n                alt=\"How to Avoid Name Space Fragmentation in IPv4\/IPv6 Environments\" \n                class=\"lcp_thumbnail wp-post-image\" \n                width=\"680\" height=\"330\" \n            \/>\n            <\/figure>\n        <\/a><p class=\"post_date\">  13\/03\/2026<\/p><div class=\"post-tags\"><a href=\"https:\/\/blog.lacnic.net\/en\/tag\/ipv6\/\">IPv6<\/a><\/div><\/div><div><h2>\n        <a href=\"https:\/\/blog.lacnic.net\/en\/\/fragmentation-ipv6\">How to Avoid Name Space Fragmentation in IPv4\/IPv6 Environments<\/a>\n    <\/h2><p class=\"post_author\"><span class=\"es\">Por:<\/span> <span class=\"en\">By:<\/span><span class=\"pt\">Por:<\/span>&nbsp;Alejandro Acosta<span class=\"comma\">,<\/span><span class=\"es\">Por:<\/span> <span class=\"en\">By:<\/span><span class=\"pt\">Por:<\/span>&nbsp;Hugo Salgado<span class=\"comma\">,<\/span><\/p><a href=\"https:\/\/blog.lacnic.net\/en\/\/fragmentation-ipv6\" class=\"post_url\">\n        <span class=\"es\">Leer art\u00edculo<\/span>\n        <span class=\"en\">Read Article<\/span>\n        <span class=\"pt\">Leia o artigo<\/span>\n    <\/a><\/div><\/div><div><div><p class=\"category_home_feed\"><\/p><\/div><div><a href=\"https:\/\/blog.lacnic.net\/en\/\/internets-technical-success-factors\"\n        title=\"The Enduring Relevance of Internet&#8217;s Technical Success Factors\">\n            <figure class=\"post_image\"> <img decoding=\"async\" \n                src=\"https:\/\/blog.lacnic.net\/wp-content\/uploads\/2026\/03\/factores-de-exito-de-internet.jpg\"\n                alt=\"The Enduring Relevance of Internet&#8217;s Technical Success Factors\" \n                class=\"lcp_thumbnail wp-post-image\" \n                width=\"680\" height=\"330\" \n            \/>\n            <\/figure>\n        <\/a><p class=\"post_date\">  11\/03\/2026<\/p><div class=\"post-tags\"><a href=\"https:\/\/blog.lacnic.net\/en\/tag\/institutional\/\">Institutional<\/a><\/div><\/div><div><h2>\n        <a href=\"https:\/\/blog.lacnic.net\/en\/\/internets-technical-success-factors\">The Enduring Relevance of Internet&#8217;s Technical Success Factors<\/a>\n    <\/h2><p class=\"post_author\"><span class=\"es\">Por:<\/span> <span class=\"en\">By:<\/span><span class=\"pt\">Por:<\/span>&nbsp;Carlos Mart\u00ednez<\/p><a href=\"https:\/\/blog.lacnic.net\/en\/\/internets-technical-success-factors\" class=\"post_url\">\n        <span class=\"es\">Leer art\u00edculo<\/span>\n        <span class=\"en\">Read Article<\/span>\n        <span class=\"pt\">Leia o artigo<\/span>\n    <\/a><\/div><\/div><\/div>\n","protected":false},"excerpt":{"rendered":"<p>Email Subscribe Last News<\/p>\n","protected":false},"author":6,"featured_media":0,"parent":0,"menu_order":0,"comment_status":"closed","ping_status":"closed","template":"","meta":{"_acf_changed":false,"footnotes":""},"class_list":["post-12911","page","type-page","status-publish","hentry"],"acf":[],"yoast_head":"<!-- This site is optimized with the Yoast SEO plugin v27.0 - https:\/\/yoast.com\/product\/yoast-seo-wordpress\/ -->\n<title>LACNIC Blog | Subscribe<\/title>\n<meta name=\"robots\" content=\"index, follow, max-snippet:-1, max-image-preview:large, max-video-preview:-1\" \/>\n<link rel=\"canonical\" href=\"https:\/\/blog.lacnic.net\/en\/subscribe\/\" \/>\n<meta property=\"og:locale\" content=\"en_US\" \/>\n<meta property=\"og:type\" content=\"article\" \/>\n<meta property=\"og:title\" content=\"LACNIC Blog | Subscribe\" \/>\n<meta property=\"og:description\" content=\"Email Subscribe Last News\" \/>\n<meta property=\"og:url\" content=\"https:\/\/blog.lacnic.net\/en\/subscribe\/\" \/>\n<meta property=\"og:site_name\" content=\"LACNIC Blog\" \/>\n<meta property=\"article:publisher\" content=\"https:\/\/facebook.com\/lacnic\" \/>\n<meta property=\"article:modified_time\" content=\"2024-06-28T13:38:14+00:00\" \/>\n<meta name=\"twitter:card\" content=\"summary_large_image\" \/>\n<meta name=\"twitter:site\" content=\"@lacnic\" \/>\n<script type=\"application\/ld+json\" class=\"yoast-schema-graph\">{\"@context\":\"https:\/\/schema.org\",\"@graph\":[{\"@type\":\"WebPage\",\"@id\":\"https:\/\/blog.lacnic.net\/en\/subscribe\/\",\"url\":\"https:\/\/blog.lacnic.net\/en\/subscribe\/\",\"name\":\"LACNIC Blog | Subscribe\",\"isPartOf\":{\"@id\":\"https:\/\/blog.lacnic.net\/#website\"},\"datePublished\":\"2020-03-30T17:08:56+00:00\",\"dateModified\":\"2024-06-28T13:38:14+00:00\",\"breadcrumb\":{\"@id\":\"https:\/\/blog.lacnic.net\/en\/subscribe\/#breadcrumb\"},\"inLanguage\":\"en-US\",\"potentialAction\":[{\"@type\":\"ReadAction\",\"target\":[\"https:\/\/blog.lacnic.net\/en\/subscribe\/\"]}]},{\"@type\":\"BreadcrumbList\",\"@id\":\"https:\/\/blog.lacnic.net\/en\/subscribe\/#breadcrumb\",\"itemListElement\":[{\"@type\":\"ListItem\",\"position\":1,\"name\":\"Portada\",\"item\":\"https:\/\/blog.lacnic.net\/en\/\"},{\"@type\":\"ListItem\",\"position\":2,\"name\":\"Subscribe\"}]},{\"@type\":\"WebSite\",\"@id\":\"https:\/\/blog.lacnic.net\/#website\",\"url\":\"https:\/\/blog.lacnic.net\/\",\"name\":\"LACNIC Blog\",\"description\":\"En el Blog de LACNIC encontrar\u00e1s art\u00edculos t\u00e9cnicos vinculados al desarrollo de Internet en la regi\u00f3n de Am\u00e9rica Latina y el Caribe.\",\"publisher\":{\"@id\":\"https:\/\/blog.lacnic.net\/#organization\"},\"potentialAction\":[{\"@type\":\"SearchAction\",\"target\":{\"@type\":\"EntryPoint\",\"urlTemplate\":\"https:\/\/blog.lacnic.net\/?s={search_term_string}\"},\"query-input\":{\"@type\":\"PropertyValueSpecification\",\"valueRequired\":true,\"valueName\":\"search_term_string\"}}],\"inLanguage\":\"en-US\"},{\"@type\":\"Organization\",\"@id\":\"https:\/\/blog.lacnic.net\/#organization\",\"name\":\"LACNIC Blog\",\"url\":\"https:\/\/blog.lacnic.net\/\",\"logo\":{\"@type\":\"ImageObject\",\"inLanguage\":\"en-US\",\"@id\":\"https:\/\/blog.lacnic.net\/#\/schema\/logo\/image\/\",\"url\":\"https:\/\/blog.lacnic.net\/wp-content\/uploads\/2023\/03\/lacnic-blog.svg\",\"contentUrl\":\"https:\/\/blog.lacnic.net\/wp-content\/uploads\/2023\/03\/lacnic-blog.svg\",\"caption\":\"LACNIC Blog\"},\"image\":{\"@id\":\"https:\/\/blog.lacnic.net\/#\/schema\/logo\/image\/\"},\"sameAs\":[\"https:\/\/facebook.com\/lacnic\",\"https:\/\/x.com\/lacnic\",\"https:\/\/www.instagram.com\/lacnic\/?hl=es-la\",\"https:\/\/uy.linkedin.com\/company\/lacnic\",\"https:\/\/www.youtube.com\/user\/lacnicstaff\",\"https:\/\/www.lacnic.net\/podcast\"]}]}<\/script>\n<!-- \/ Yoast SEO plugin. -->","yoast_head_json":{"title":"LACNIC Blog | Subscribe","robots":{"index":"index","follow":"follow","max-snippet":"max-snippet:-1","max-image-preview":"max-image-preview:large","max-video-preview":"max-video-preview:-1"},"canonical":"https:\/\/blog.lacnic.net\/en\/subscribe\/","og_locale":"en_US","og_type":"article","og_title":"LACNIC Blog | Subscribe","og_description":"Email Subscribe Last News","og_url":"https:\/\/blog.lacnic.net\/en\/subscribe\/","og_site_name":"LACNIC Blog","article_publisher":"https:\/\/facebook.com\/lacnic","article_modified_time":"2024-06-28T13:38:14+00:00","twitter_card":"summary_large_image","twitter_site":"@lacnic","schema":{"@context":"https:\/\/schema.org","@graph":[{"@type":"WebPage","@id":"https:\/\/blog.lacnic.net\/en\/subscribe\/","url":"https:\/\/blog.lacnic.net\/en\/subscribe\/","name":"LACNIC Blog | Subscribe","isPartOf":{"@id":"https:\/\/blog.lacnic.net\/#website"},"datePublished":"2020-03-30T17:08:56+00:00","dateModified":"2024-06-28T13:38:14+00:00","breadcrumb":{"@id":"https:\/\/blog.lacnic.net\/en\/subscribe\/#breadcrumb"},"inLanguage":"en-US","potentialAction":[{"@type":"ReadAction","target":["https:\/\/blog.lacnic.net\/en\/subscribe\/"]}]},{"@type":"BreadcrumbList","@id":"https:\/\/blog.lacnic.net\/en\/subscribe\/#breadcrumb","itemListElement":[{"@type":"ListItem","position":1,"name":"Portada","item":"https:\/\/blog.lacnic.net\/en\/"},{"@type":"ListItem","position":2,"name":"Subscribe"}]},{"@type":"WebSite","@id":"https:\/\/blog.lacnic.net\/#website","url":"https:\/\/blog.lacnic.net\/","name":"LACNIC Blog","description":"En el Blog de LACNIC encontrar\u00e1s art\u00edculos t\u00e9cnicos vinculados al desarrollo de Internet en la regi\u00f3n de Am\u00e9rica Latina y el Caribe.","publisher":{"@id":"https:\/\/blog.lacnic.net\/#organization"},"potentialAction":[{"@type":"SearchAction","target":{"@type":"EntryPoint","urlTemplate":"https:\/\/blog.lacnic.net\/?s={search_term_string}"},"query-input":{"@type":"PropertyValueSpecification","valueRequired":true,"valueName":"search_term_string"}}],"inLanguage":"en-US"},{"@type":"Organization","@id":"https:\/\/blog.lacnic.net\/#organization","name":"LACNIC Blog","url":"https:\/\/blog.lacnic.net\/","logo":{"@type":"ImageObject","inLanguage":"en-US","@id":"https:\/\/blog.lacnic.net\/#\/schema\/logo\/image\/","url":"https:\/\/blog.lacnic.net\/wp-content\/uploads\/2023\/03\/lacnic-blog.svg","contentUrl":"https:\/\/blog.lacnic.net\/wp-content\/uploads\/2023\/03\/lacnic-blog.svg","caption":"LACNIC Blog"},"image":{"@id":"https:\/\/blog.lacnic.net\/#\/schema\/logo\/image\/"},"sameAs":["https:\/\/facebook.com\/lacnic","https:\/\/x.com\/lacnic","https:\/\/www.instagram.com\/lacnic\/?hl=es-la","https:\/\/uy.linkedin.com\/company\/lacnic","https:\/\/www.youtube.com\/user\/lacnicstaff","https:\/\/www.lacnic.net\/podcast"]}]}},"jetpack_sharing_enabled":true,"wpml_current_locale":"en_US","wpml_translations":[{"locale":"es_ES","id":12908,"post_title":"Suscribirse","slug":"suscribirse","href":"https:\/\/blog.lacnic.net\/suscribirse\/"},{"locale":"pt_BR","id":12913,"post_title":"Assinar","slug":"assinar","href":"https:\/\/blog.lacnic.net\/pt-br\/assinar\/"}],"_links":{"self":[{"href":"https:\/\/blog.lacnic.net\/en\/wp-json\/wp\/v2\/pages\/12911","targetHints":{"allow":["GET"]}}],"collection":[{"href":"https:\/\/blog.lacnic.net\/en\/wp-json\/wp\/v2\/pages"}],"about":[{"href":"https:\/\/blog.lacnic.net\/en\/wp-json\/wp\/v2\/types\/page"}],"author":[{"embeddable":true,"href":"https:\/\/blog.lacnic.net\/en\/wp-json\/wp\/v2\/users\/6"}],"replies":[{"embeddable":true,"href":"https:\/\/blog.lacnic.net\/en\/wp-json\/wp\/v2\/comments?post=12911"}],"version-history":[{"count":12,"href":"https:\/\/blog.lacnic.net\/en\/wp-json\/wp\/v2\/pages\/12911\/revisions"}],"predecessor-version":[{"id":26513,"href":"https:\/\/blog.lacnic.net\/en\/wp-json\/wp\/v2\/pages\/12911\/revisions\/26513"}],"wp:attachment":[{"href":"https:\/\/blog.lacnic.net\/en\/wp-json\/wp\/v2\/media?parent=12911"}],"curies":[{"name":"wp","href":"https:\/\/api.w.org\/{rel}","templated":true}]}}