{"id":10472,"date":"2018-03-14T17:14:53","date_gmt":"2018-03-14T17:14:53","guid":{"rendered":"http:\/\/prensa.lacnic.net\/news?page_id=10472"},"modified":"2022-10-17T14:20:34","modified_gmt":"2022-10-17T14:20:34","slug":"editions","status":"publish","type":"page","link":"https:\/\/blog.lacnic.net\/en\/editions\/","title":{"rendered":"Editions"},"content":{"rendered":"\n<div class=\"posts_list\"><div><div><p class=\"category_home_feed\"><\/p><\/div><div><a href=\"https:\/\/blog.lacnic.net\/en\/\/tutorials-lacnic45\"\n        title=\"Technical Tutorials at LACNIC 45 \u2013 What\u2019s New\">\n            <figure class=\"post_image\"> <img decoding=\"async\" \n                src=\"https:\/\/blog.lacnic.net\/wp-content\/uploads\/2026\/04\/lacnic45-panama-2026.jpg\"\n                alt=\"Technical Tutorials at LACNIC 45 \u2013 What\u2019s New\" \n                class=\"lcp_thumbnail wp-post-image\" \n                width=\"680\" height=\"330\" \n            \/>\n            <\/figure>\n        <\/a><p class=\"post_date\">  22\/04\/2026<\/p><div class=\"post-tags\"><a href=\"https:\/\/blog.lacnic.net\/en\/tag\/events\/\">Events<\/a><\/div><\/div><div><h2>\n        <a href=\"https:\/\/blog.lacnic.net\/en\/\/tutorials-lacnic45\">Technical Tutorials at LACNIC 45 \u2013 What\u2019s New<\/a>\n    <\/h2><a href=\"https:\/\/blog.lacnic.net\/en\/\/tutorials-lacnic45\" class=\"post_url\">\n        <span class=\"es\">Leer art\u00edculo<\/span>\n        <span class=\"en\">Read Article<\/span>\n        <span class=\"pt\">Leia o artigo<\/span>\n    <\/a><\/div><\/div><div><div><p class=\"category_home_feed\"><\/p><\/div><div><a href=\"https:\/\/blog.lacnic.net\/en\/\/internet-panama\"\n        title=\"Current State of the Internet in Panama\">\n            <figure class=\"post_image\"> <img decoding=\"async\" \n                src=\"https:\/\/blog.lacnic.net\/wp-content\/uploads\/2026\/04\/panama-internet-2026.jpg\"\n                alt=\"Current State of the Internet in Panama\" \n                class=\"lcp_thumbnail wp-post-image\" \n                width=\"680\" height=\"330\" \n            \/>\n            <\/figure>\n        <\/a><p class=\"post_date\">  15\/04\/2026<\/p><div class=\"post-tags\"><a href=\"https:\/\/blog.lacnic.net\/en\/tag\/internet-measurements\/\">Internet Measurements<\/a><\/div><\/div><div><h2>\n        <a href=\"https:\/\/blog.lacnic.net\/en\/\/internet-panama\">Current State of the Internet in Panama<\/a>\n    <\/h2><p class=\"post_author\"><span class=\"es\">Por:<\/span> <span class=\"en\">By:<\/span><span class=\"pt\">Por:<\/span>&nbsp;Elisa Peirano<\/p><a href=\"https:\/\/blog.lacnic.net\/en\/\/internet-panama\" class=\"post_url\">\n        <span class=\"es\">Leer art\u00edculo<\/span>\n        <span class=\"en\">Read Article<\/span>\n        <span class=\"pt\">Leia o artigo<\/span>\n    <\/a><\/div><\/div><div><div><p class=\"category_home_feed\"><\/p><\/div><div><a href=\"https:\/\/blog.lacnic.net\/en\/\/icp-2-updating-governance\"\n        title=\"ICP-2: Progress and Next Steps in Updating the RIR Governance Framework\">\n            <figure class=\"post_image\"> <img decoding=\"async\" \n                src=\"https:\/\/blog.lacnic.net\/wp-content\/uploads\/2026\/04\/icp2-ia-image.png\"\n                alt=\"ICP-2: Progress and Next Steps in Updating the RIR Governance Framework\" \n                class=\"lcp_thumbnail wp-post-image\" \n                width=\"680\" height=\"330\" \n            \/>\n            <\/figure>\n        <\/a><p class=\"post_date\">  10\/04\/2026<\/p><div class=\"post-tags\"><a href=\"https:\/\/blog.lacnic.net\/en\/tag\/institutional\/\">Institutional<\/a><\/div><\/div><div><h2>\n        <a href=\"https:\/\/blog.lacnic.net\/en\/\/icp-2-updating-governance\">ICP-2: Progress and Next Steps in Updating the RIR Governance Framework<\/a>\n    <\/h2><p class=\"post_author\"><span class=\"es\">Por:<\/span> <span class=\"en\">By:<\/span><span class=\"pt\">Por:<\/span>&nbsp;Esteban Lescano<span class=\"comma\">,<\/span><span class=\"es\">Por:<\/span> <span class=\"en\">By:<\/span><span class=\"pt\">Por:<\/span>&nbsp;Jorge Villa<span class=\"comma\">,<\/span><span class=\"es\">Por:<\/span> <span class=\"en\">By:<\/span><span class=\"pt\">Por:<\/span>&nbsp;Ricardo Patara<span class=\"comma\">,<\/span><\/p><a href=\"https:\/\/blog.lacnic.net\/en\/\/icp-2-updating-governance\" class=\"post_url\">\n        <span class=\"es\">Leer art\u00edculo<\/span>\n        <span class=\"en\">Read Article<\/span>\n        <span class=\"pt\">Leia o artigo<\/span>\n    <\/a><\/div><\/div><div><div><p class=\"category_home_feed\"><\/p><\/div><div><a href=\"https:\/\/blog.lacnic.net\/en\/\/ipv6-unnembered\"\n        title=\"The IPv6 Unnumbered Debate\">\n            <figure class=\"post_image\"> <img decoding=\"async\" \n                src=\"https:\/\/blog.lacnic.net\/wp-content\/uploads\/2026\/04\/ipv6-unnumbered.jpg\"\n                alt=\"The IPv6 Unnumbered Debate\" \n                class=\"lcp_thumbnail wp-post-image\" \n                width=\"680\" height=\"330\" \n            \/>\n            <\/figure>\n        <\/a><p class=\"post_date\">  10\/04\/2026<\/p><div class=\"post-tags\"><a href=\"https:\/\/blog.lacnic.net\/en\/tag\/ipv6\/\">IPv6<\/a><\/div><\/div><div><h2>\n        <a href=\"https:\/\/blog.lacnic.net\/en\/\/ipv6-unnembered\">The IPv6 Unnumbered Debate<\/a>\n    <\/h2><p class=\"post_author\"><span class=\"es\">Por:<\/span> <span class=\"en\">By:<\/span><span class=\"pt\">Por:<\/span>&nbsp;Alejandro Acosta<\/p><a href=\"https:\/\/blog.lacnic.net\/en\/\/ipv6-unnembered\" class=\"post_url\">\n        <span class=\"es\">Leer art\u00edculo<\/span>\n        <span class=\"en\">Read Article<\/span>\n        <span class=\"pt\">Leia o artigo<\/span>\n    <\/a><\/div><\/div><div><div><p class=\"category_home_feed\"><\/p><\/div><div><a href=\"https:\/\/blog.lacnic.net\/en\/\/internet-legislation-digital-governance\"\n        title=\"Understanding the Internet for Better Legislation\">\n            <figure class=\"post_image\"> <img decoding=\"async\" \n                src=\"https:\/\/blog.lacnic.net\/wp-content\/uploads\/2026\/03\/gobernanza-internet-reunion-uruguay-2026.jpg\"\n                alt=\"Understanding the Internet for Better Legislation\" \n                class=\"lcp_thumbnail wp-post-image\" \n                width=\"680\" height=\"330\" \n            \/>\n            <\/figure>\n        <\/a><p class=\"post_date\">  31\/03\/2026<\/p><div class=\"post-tags\"><a href=\"https:\/\/blog.lacnic.net\/en\/tag\/public-policy\/\">Public Policy<\/a><\/div><\/div><div><h2>\n        <a href=\"https:\/\/blog.lacnic.net\/en\/\/internet-legislation-digital-governance\">Understanding the Internet for Better Legislation<\/a>\n    <\/h2><p class=\"post_author\"><span class=\"es\">Por:<\/span> <span class=\"en\">By:<\/span><span class=\"pt\">Por:<\/span>&nbsp;Paula Oteguy<\/p><a href=\"https:\/\/blog.lacnic.net\/en\/\/internet-legislation-digital-governance\" class=\"post_url\">\n        <span class=\"es\">Leer art\u00edculo<\/span>\n        <span class=\"en\">Read Article<\/span>\n        <span class=\"pt\">Leia o artigo<\/span>\n    <\/a><\/div><\/div><div><div><p class=\"category_home_feed\"><\/p><\/div><div><a href=\"https:\/\/blog.lacnic.net\/en\/\/rpki-vs-social-engineering-a-case-study-in-route-hijacking\"\n        title=\"RPKI vs social engineering: A case study in route hijacking\">\n            <figure class=\"post_image\"> <img decoding=\"async\" \n                src=\"https:\/\/blog.lacnic.net\/wp-content\/uploads\/2026\/03\/rpki-social-engineering-2026.jpg\"\n                alt=\"RPKI vs social engineering: A case study in route hijacking\" \n                class=\"lcp_thumbnail wp-post-image\" \n                width=\"680\" height=\"330\" \n            \/>\n            <\/figure>\n        <\/a><p class=\"post_date\">  24\/03\/2026<\/p><div class=\"post-tags\"><a href=\"https:\/\/blog.lacnic.net\/en\/tag\/routing\/\">Routing<\/a><\/div><\/div><div><h2>\n        <a href=\"https:\/\/blog.lacnic.net\/en\/\/rpki-vs-social-engineering-a-case-study-in-route-hijacking\">RPKI vs social engineering: A case study in route hijacking<\/a>\n    <\/h2><p class=\"post_author\"><span class=\"es\">Por:<\/span> <span class=\"en\">By:<\/span><span class=\"pt\">Por:<\/span>&nbsp;Carlos Mart\u00ednez<span class=\"comma\">,<\/span><span class=\"es\">Por:<\/span> <span class=\"en\">By:<\/span><span class=\"pt\">Por:<\/span>&nbsp;Sanjaya<span class=\"comma\">,<\/span><\/p><a href=\"https:\/\/blog.lacnic.net\/en\/\/rpki-vs-social-engineering-a-case-study-in-route-hijacking\" class=\"post_url\">\n        <span class=\"es\">Leer art\u00edculo<\/span>\n        <span class=\"en\">Read Article<\/span>\n        <span class=\"pt\">Leia o artigo<\/span>\n    <\/a><\/div><\/div><div><div><p class=\"category_home_feed\"><\/p><\/div><div><a href=\"https:\/\/blog.lacnic.net\/en\/\/rd-ambassadors-2026\"\n        title=\"R&#038;D Ambassadors Aligned with LACNIC&#8217;s Strategy\">\n            <figure class=\"post_image\"> <img decoding=\"async\" \n                src=\"https:\/\/blog.lacnic.net\/wp-content\/uploads\/2026\/03\/embajadores-2026.png\"\n                alt=\"R&#038;D Ambassadors Aligned with LACNIC&#8217;s Strategy\" \n                class=\"lcp_thumbnail wp-post-image\" \n                width=\"680\" height=\"330\" \n            \/>\n            <\/figure>\n        <\/a><p class=\"post_date\">  23\/03\/2026<\/p><div class=\"post-tags\"><a href=\"https:\/\/blog.lacnic.net\/en\/tag\/institutional\/\">Institutional<\/a><\/div><\/div><div><h2>\n        <a href=\"https:\/\/blog.lacnic.net\/en\/\/rd-ambassadors-2026\">R&#038;D Ambassadors Aligned with LACNIC&#8217;s Strategy<\/a>\n    <\/h2><a href=\"https:\/\/blog.lacnic.net\/en\/\/rd-ambassadors-2026\" class=\"post_url\">\n        <span class=\"es\">Leer art\u00edculo<\/span>\n        <span class=\"en\">Read Article<\/span>\n        <span class=\"pt\">Leia o artigo<\/span>\n    <\/a><\/div><\/div><div><div><p class=\"category_home_feed\"><\/p><\/div><div><a href=\"https:\/\/blog.lacnic.net\/en\/\/ipv6-mostly-frontier\"\n        title=\"IPv6-Mostly: The Final Frontier\">\n            <figure class=\"post_image\"> <img decoding=\"async\" \n                src=\"https:\/\/blog.lacnic.net\/wp-content\/uploads\/2026\/03\/ipv6-mostly-the-final-frontier.png\"\n                alt=\"IPv6-Mostly: The Final Frontier\" \n                class=\"lcp_thumbnail wp-post-image\" \n                width=\"680\" height=\"330\" \n            \/>\n            <\/figure>\n        <\/a><p class=\"post_date\">  17\/03\/2026<\/p><div class=\"post-tags\"><a href=\"https:\/\/blog.lacnic.net\/en\/tag\/ipv6\/\">IPv6<\/a><\/div><\/div><div><h2>\n        <a href=\"https:\/\/blog.lacnic.net\/en\/\/ipv6-mostly-frontier\">IPv6-Mostly: The Final Frontier<\/a>\n    <\/h2><p class=\"post_author\"><span class=\"es\">Por:<\/span> <span class=\"en\">By:<\/span><span class=\"pt\">Por:<\/span>&nbsp;Henri Alves de Godoy<\/p><a href=\"https:\/\/blog.lacnic.net\/en\/\/ipv6-mostly-frontier\" class=\"post_url\">\n        <span class=\"es\">Leer art\u00edculo<\/span>\n        <span class=\"en\">Read Article<\/span>\n        <span class=\"pt\">Leia o artigo<\/span>\n    <\/a><\/div><\/div><div><div><p class=\"category_home_feed\"><\/p><\/div><div><a href=\"https:\/\/blog.lacnic.net\/en\/\/fragmentation-ipv6\"\n        title=\"How to Avoid Name Space Fragmentation in IPv4\/IPv6 Environments\">\n            <figure class=\"post_image\"> <img decoding=\"async\" \n                src=\"https:\/\/blog.lacnic.net\/wp-content\/uploads\/2026\/03\/fragmentacion-ipv6-dns.jpg\"\n                alt=\"How to Avoid Name Space Fragmentation in IPv4\/IPv6 Environments\" \n                class=\"lcp_thumbnail wp-post-image\" \n                width=\"680\" height=\"330\" \n            \/>\n            <\/figure>\n        <\/a><p class=\"post_date\">  13\/03\/2026<\/p><div class=\"post-tags\"><a href=\"https:\/\/blog.lacnic.net\/en\/tag\/ipv6\/\">IPv6<\/a><\/div><\/div><div><h2>\n        <a href=\"https:\/\/blog.lacnic.net\/en\/\/fragmentation-ipv6\">How to Avoid Name Space Fragmentation in IPv4\/IPv6 Environments<\/a>\n    <\/h2><p class=\"post_author\"><span class=\"es\">Por:<\/span> <span class=\"en\">By:<\/span><span class=\"pt\">Por:<\/span>&nbsp;Alejandro Acosta<span class=\"comma\">,<\/span><span class=\"es\">Por:<\/span> <span class=\"en\">By:<\/span><span class=\"pt\">Por:<\/span>&nbsp;Hugo Salgado<span class=\"comma\">,<\/span><\/p><a href=\"https:\/\/blog.lacnic.net\/en\/\/fragmentation-ipv6\" class=\"post_url\">\n        <span class=\"es\">Leer art\u00edculo<\/span>\n        <span class=\"en\">Read Article<\/span>\n        <span class=\"pt\">Leia o artigo<\/span>\n    <\/a><\/div><\/div><\/div><ul class='lcp_paginator'><li class='lcp_currentpage'>1<\/li><li><a href='https:\/\/blog.lacnic.net\/en\/wp-json\/wp\/v2\/pages\/10472?lcp_page1=2#lcp_instance_1' title='2'>2<\/a><\/li><li><a href='https:\/\/blog.lacnic.net\/en\/wp-json\/wp\/v2\/pages\/10472?lcp_page1=3#lcp_instance_1' title='3'>3<\/a><\/li><li><a href='https:\/\/blog.lacnic.net\/en\/wp-json\/wp\/v2\/pages\/10472?lcp_page1=4#lcp_instance_1' title='4'>4<\/a><\/li><li><a href='https:\/\/blog.lacnic.net\/en\/wp-json\/wp\/v2\/pages\/10472?lcp_page1=5#lcp_instance_1' title='5'>5<\/a><\/li><li><a href='https:\/\/blog.lacnic.net\/en\/wp-json\/wp\/v2\/pages\/10472?lcp_page1=6#lcp_instance_1' title='6'>6<\/a><\/li><span class='lcp_elipsis'>...<\/span><li><a href='https:\/\/blog.lacnic.net\/en\/wp-json\/wp\/v2\/pages\/10472?lcp_page1=130#lcp_instance_1' title='130'>130<\/a><\/li><li><a href='https:\/\/blog.lacnic.net\/en\/wp-json\/wp\/v2\/pages\/10472?lcp_page1=2#lcp_instance_1' title='2' class='lcp_nextlink'>&gt;&gt;<\/a><\/li><\/ul>\n\n\n","protected":false},"excerpt":{"rendered":"","protected":false},"author":6,"featured_media":0,"parent":0,"menu_order":0,"comment_status":"closed","ping_status":"closed","template":"","meta":{"_acf_changed":false,"footnotes":""},"class_list":["post-10472","page","type-page","status-publish","hentry"],"acf":[],"yoast_head":"<!-- This site is optimized with the Yoast SEO plugin v27.0 - https:\/\/yoast.com\/product\/yoast-seo-wordpress\/ -->\n<title>LACNIC Blog | Editions<\/title>\n<meta name=\"robots\" content=\"index, follow, max-snippet:-1, max-image-preview:large, max-video-preview:-1\" \/>\n<link rel=\"canonical\" href=\"https:\/\/blog.lacnic.net\/en\/editions\/\" \/>\n<meta property=\"og:locale\" content=\"en_US\" \/>\n<meta property=\"og:type\" content=\"article\" \/>\n<meta property=\"og:title\" content=\"LACNIC Blog | Editions\" \/>\n<meta property=\"og:url\" content=\"https:\/\/blog.lacnic.net\/en\/editions\/\" \/>\n<meta property=\"og:site_name\" content=\"LACNIC Blog\" \/>\n<meta property=\"article:publisher\" content=\"https:\/\/facebook.com\/lacnic\" \/>\n<meta property=\"article:modified_time\" content=\"2022-10-17T14:20:34+00:00\" \/>\n<meta name=\"twitter:card\" content=\"summary_large_image\" \/>\n<meta name=\"twitter:site\" content=\"@lacnic\" \/>\n<script type=\"application\/ld+json\" class=\"yoast-schema-graph\">{\"@context\":\"https:\/\/schema.org\",\"@graph\":[{\"@type\":\"WebPage\",\"@id\":\"https:\/\/blog.lacnic.net\/en\/editions\/\",\"url\":\"https:\/\/blog.lacnic.net\/en\/editions\/\",\"name\":\"LACNIC Blog | Editions\",\"isPartOf\":{\"@id\":\"https:\/\/blog.lacnic.net\/#website\"},\"datePublished\":\"2018-03-14T17:14:53+00:00\",\"dateModified\":\"2022-10-17T14:20:34+00:00\",\"breadcrumb\":{\"@id\":\"https:\/\/blog.lacnic.net\/en\/editions\/#breadcrumb\"},\"inLanguage\":\"en-US\",\"potentialAction\":[{\"@type\":\"ReadAction\",\"target\":[\"https:\/\/blog.lacnic.net\/en\/editions\/\"]}]},{\"@type\":\"BreadcrumbList\",\"@id\":\"https:\/\/blog.lacnic.net\/en\/editions\/#breadcrumb\",\"itemListElement\":[{\"@type\":\"ListItem\",\"position\":1,\"name\":\"Portada\",\"item\":\"https:\/\/blog.lacnic.net\/en\/\"},{\"@type\":\"ListItem\",\"position\":2,\"name\":\"Editions\"}]},{\"@type\":\"WebSite\",\"@id\":\"https:\/\/blog.lacnic.net\/#website\",\"url\":\"https:\/\/blog.lacnic.net\/\",\"name\":\"LACNIC Blog\",\"description\":\"En el Blog de LACNIC encontrar\u00e1s art\u00edculos t\u00e9cnicos vinculados al desarrollo de Internet en la regi\u00f3n de Am\u00e9rica Latina y el Caribe.\",\"publisher\":{\"@id\":\"https:\/\/blog.lacnic.net\/#organization\"},\"potentialAction\":[{\"@type\":\"SearchAction\",\"target\":{\"@type\":\"EntryPoint\",\"urlTemplate\":\"https:\/\/blog.lacnic.net\/?s={search_term_string}\"},\"query-input\":{\"@type\":\"PropertyValueSpecification\",\"valueRequired\":true,\"valueName\":\"search_term_string\"}}],\"inLanguage\":\"en-US\"},{\"@type\":\"Organization\",\"@id\":\"https:\/\/blog.lacnic.net\/#organization\",\"name\":\"LACNIC Blog\",\"url\":\"https:\/\/blog.lacnic.net\/\",\"logo\":{\"@type\":\"ImageObject\",\"inLanguage\":\"en-US\",\"@id\":\"https:\/\/blog.lacnic.net\/#\/schema\/logo\/image\/\",\"url\":\"https:\/\/blog.lacnic.net\/wp-content\/uploads\/2023\/03\/lacnic-blog.svg\",\"contentUrl\":\"https:\/\/blog.lacnic.net\/wp-content\/uploads\/2023\/03\/lacnic-blog.svg\",\"caption\":\"LACNIC Blog\"},\"image\":{\"@id\":\"https:\/\/blog.lacnic.net\/#\/schema\/logo\/image\/\"},\"sameAs\":[\"https:\/\/facebook.com\/lacnic\",\"https:\/\/x.com\/lacnic\",\"https:\/\/www.instagram.com\/lacnic\/?hl=es-la\",\"https:\/\/uy.linkedin.com\/company\/lacnic\",\"https:\/\/www.youtube.com\/user\/lacnicstaff\",\"https:\/\/www.lacnic.net\/podcast\"]}]}<\/script>\n<!-- \/ Yoast SEO plugin. -->","yoast_head_json":{"title":"LACNIC Blog | Editions","robots":{"index":"index","follow":"follow","max-snippet":"max-snippet:-1","max-image-preview":"max-image-preview:large","max-video-preview":"max-video-preview:-1"},"canonical":"https:\/\/blog.lacnic.net\/en\/editions\/","og_locale":"en_US","og_type":"article","og_title":"LACNIC Blog | Editions","og_url":"https:\/\/blog.lacnic.net\/en\/editions\/","og_site_name":"LACNIC Blog","article_publisher":"https:\/\/facebook.com\/lacnic","article_modified_time":"2022-10-17T14:20:34+00:00","twitter_card":"summary_large_image","twitter_site":"@lacnic","schema":{"@context":"https:\/\/schema.org","@graph":[{"@type":"WebPage","@id":"https:\/\/blog.lacnic.net\/en\/editions\/","url":"https:\/\/blog.lacnic.net\/en\/editions\/","name":"LACNIC Blog | Editions","isPartOf":{"@id":"https:\/\/blog.lacnic.net\/#website"},"datePublished":"2018-03-14T17:14:53+00:00","dateModified":"2022-10-17T14:20:34+00:00","breadcrumb":{"@id":"https:\/\/blog.lacnic.net\/en\/editions\/#breadcrumb"},"inLanguage":"en-US","potentialAction":[{"@type":"ReadAction","target":["https:\/\/blog.lacnic.net\/en\/editions\/"]}]},{"@type":"BreadcrumbList","@id":"https:\/\/blog.lacnic.net\/en\/editions\/#breadcrumb","itemListElement":[{"@type":"ListItem","position":1,"name":"Portada","item":"https:\/\/blog.lacnic.net\/en\/"},{"@type":"ListItem","position":2,"name":"Editions"}]},{"@type":"WebSite","@id":"https:\/\/blog.lacnic.net\/#website","url":"https:\/\/blog.lacnic.net\/","name":"LACNIC Blog","description":"En el Blog de LACNIC encontrar\u00e1s art\u00edculos t\u00e9cnicos vinculados al desarrollo de Internet en la regi\u00f3n de Am\u00e9rica Latina y el Caribe.","publisher":{"@id":"https:\/\/blog.lacnic.net\/#organization"},"potentialAction":[{"@type":"SearchAction","target":{"@type":"EntryPoint","urlTemplate":"https:\/\/blog.lacnic.net\/?s={search_term_string}"},"query-input":{"@type":"PropertyValueSpecification","valueRequired":true,"valueName":"search_term_string"}}],"inLanguage":"en-US"},{"@type":"Organization","@id":"https:\/\/blog.lacnic.net\/#organization","name":"LACNIC Blog","url":"https:\/\/blog.lacnic.net\/","logo":{"@type":"ImageObject","inLanguage":"en-US","@id":"https:\/\/blog.lacnic.net\/#\/schema\/logo\/image\/","url":"https:\/\/blog.lacnic.net\/wp-content\/uploads\/2023\/03\/lacnic-blog.svg","contentUrl":"https:\/\/blog.lacnic.net\/wp-content\/uploads\/2023\/03\/lacnic-blog.svg","caption":"LACNIC Blog"},"image":{"@id":"https:\/\/blog.lacnic.net\/#\/schema\/logo\/image\/"},"sameAs":["https:\/\/facebook.com\/lacnic","https:\/\/x.com\/lacnic","https:\/\/www.instagram.com\/lacnic\/?hl=es-la","https:\/\/uy.linkedin.com\/company\/lacnic","https:\/\/www.youtube.com\/user\/lacnicstaff","https:\/\/www.lacnic.net\/podcast"]}]}},"jetpack_sharing_enabled":true,"wpml_current_locale":"en_US","wpml_translations":[{"locale":"es_ES","id":10465,"post_title":"Ediciones anteriores","slug":"ediciones","href":"https:\/\/blog.lacnic.net\/ediciones\/"},{"locale":"pt_BR","id":12870,"post_title":"Edi\u00e7\u00f5es anteriores","slug":"edicoes-anteriores","href":"https:\/\/blog.lacnic.net\/pt-br\/edicoes-anteriores\/"}],"_links":{"self":[{"href":"https:\/\/blog.lacnic.net\/en\/wp-json\/wp\/v2\/pages\/10472","targetHints":{"allow":["GET"]}}],"collection":[{"href":"https:\/\/blog.lacnic.net\/en\/wp-json\/wp\/v2\/pages"}],"about":[{"href":"https:\/\/blog.lacnic.net\/en\/wp-json\/wp\/v2\/types\/page"}],"author":[{"embeddable":true,"href":"https:\/\/blog.lacnic.net\/en\/wp-json\/wp\/v2\/users\/6"}],"replies":[{"embeddable":true,"href":"https:\/\/blog.lacnic.net\/en\/wp-json\/wp\/v2\/comments?post=10472"}],"version-history":[{"count":21,"href":"https:\/\/blog.lacnic.net\/en\/wp-json\/wp\/v2\/pages\/10472\/revisions"}],"predecessor-version":[{"id":19044,"href":"https:\/\/blog.lacnic.net\/en\/wp-json\/wp\/v2\/pages\/10472\/revisions\/19044"}],"wp:attachment":[{"href":"https:\/\/blog.lacnic.net\/en\/wp-json\/wp\/v2\/media?parent=10472"}],"curies":[{"name":"wp","href":"https:\/\/api.w.org\/{rel}","templated":true}]}}